{"id":13108,"date":"2025-10-13T12:24:30","date_gmt":"2025-10-13T10:24:30","guid":{"rendered":"https:\/\/blonie.zielonaakademia.edu.pl\/?page_id=13108"},"modified":"2025-10-13T12:26:10","modified_gmt":"2025-10-13T10:26:10","slug":"ramowy-plan-dnia-2","status":"publish","type":"page","link":"https:\/\/blonie.zielonaakademia.edu.pl\/index.php\/ramowy-plan-dnia-2\/","title":{"rendered":"Ramowy plan dnia"},"content":{"rendered":"\t\t<div data-elementor-type=\"wp-page\" data-elementor-id=\"13108\" class=\"elementor elementor-13108\">\n\t\t\t\t\t\t\t\t\t<section class=\"elementor-section elementor-top-section elementor-element elementor-element-3b6d23c7 elementor-section-boxed elementor-section-height-default elementor-section-height-default\" data-id=\"3b6d23c7\" data-element_type=\"section\">\n\t\t\t\t\t\t<div class=\"elementor-container elementor-column-gap-default\">\n\t\t\t\t\t<div class=\"elementor-column elementor-col-100 elementor-top-column elementor-element elementor-element-5e6494e3\" data-id=\"5e6494e3\" data-element_type=\"column\">\n\t\t\t<div class=\"elementor-widget-wrap elementor-element-populated\">\n\t\t\t\t\t\t\t\t<div class=\"elementor-element elementor-element-6502fda7 elementor-widget elementor-widget-text-editor\" data-id=\"6502fda7\" data-element_type=\"widget\" data-widget_type=\"text-editor.default\">\n\t\t\t\t<div class=\"elementor-widget-container\">\n\t\t\t<style>\/*! elementor - v3.9.1 - 14-12-2022 *\/\n.elementor-widget-text-editor.elementor-drop-cap-view-stacked .elementor-drop-cap{background-color:#818a91;color:#fff}.elementor-widget-text-editor.elementor-drop-cap-view-framed .elementor-drop-cap{color:#818a91;border:3px solid;background-color:transparent}.elementor-widget-text-editor:not(.elementor-drop-cap-view-default) .elementor-drop-cap{margin-top:8px}.elementor-widget-text-editor:not(.elementor-drop-cap-view-default) .elementor-drop-cap-letter{width:1em;height:1em}.elementor-widget-text-editor .elementor-drop-cap{float:left;text-align:center;line-height:1;font-size:50px}.elementor-widget-text-editor .elementor-drop-cap-letter{display:inline-block}<\/style>\t\t\t\t<p><span style=\"color: #000000;\"><!-- wp:paragraph --><\/span><\/p>\n<h2 class=\"has-text-align-center\" style=\"text-align: center;\"><span style=\"color: #000000;\">R a m o w y \u00a0 p l a n \u00a0 d n i a\u00a0 \u00a0w\u00a0 p r z e d s z k o l u\u00a0<\/span><\/h2>\n<p style=\"text-align: center;\"><span style=\"color: #000000;\"><!-- \/wp:heading --><!-- wp:table {\"align\":\"center\",\"className\":\"is-style-stripes\"} --><\/span><\/p>\n<figure class=\"wp-block-table aligncenter is-style-stripes\">\n<table>\n<tbody>\n<tr>\n<td class=\"has-text-align-left\" data-align=\"left\"><span style=\"color: #000000;\"><strong>7.00 \u2013 8.15<\/strong><\/span><\/td>\n<td>\n<p><span style=\"color: #000000;\"><strong>Gromadzenie si\u0119 dzieci, <br \/><\/strong><strong>zabawy dowolne w k\u0105cikach zainteresowa\u0144\u00a0<\/strong><\/span><\/p>\n<\/td>\n<\/tr>\n<tr>\n<td class=\"has-text-align-left\" data-align=\"left\"><span style=\"color: #000000;\"><strong>8.15 \u2013 8.30<\/strong><\/span><\/td>\n<td>\n<p><span style=\"color: #000000;\"><strong>Czynno\u015bci higieniczne przed posi\u0142kiem<\/strong><\/span><\/p>\n<\/td>\n<\/tr>\n<tr>\n<td class=\"has-text-align-left\" data-align=\"left\"><span style=\"color: #000000;\"><strong>8.30 &#8211; 8:50<\/strong><\/span><\/td>\n<td>\n<p><span style=\"color: #000000;\"><strong>\u015aniadanie<\/strong><\/span><\/p>\n<\/td>\n<\/tr>\n<tr>\n<td class=\"has-text-align-left\" data-align=\"left\"><span style=\"color: #000000;\"><strong>9.00 \u2013 10.30\u00a0 \u00a0 \u00a0\u00a0<\/strong><\/span><\/td>\n<td>\n<p><span style=\"color: #000000;\"><strong>Realizacja zada\u0144 wynikaj\u0105cych z podstawy programowej,<br \/>zaj\u0119cia dodatkowe i rozwijaj\u0105ce<\/strong><\/span><\/p>\n<\/td>\n<\/tr>\n<tr>\n<td class=\"has-text-align-left\" data-align=\"left\"><span style=\"color: #000000;\"><strong>10.30 &#8211; 10:50<\/strong><\/span><\/td>\n<td>\n<p><span style=\"color: #000000;\"><strong>Zupka<\/strong><\/span><\/p>\n<\/td>\n<\/tr>\n<tr>\n<td class=\"has-text-align-left\" data-align=\"left\"><span style=\"color: #000000;\"><strong>11.00 &#8211; 12:20<\/strong><\/span><\/td>\n<td>\n<p><span style=\"color: #000000;\"><strong>Zabawy na \u015bwie\u017cym powietrzu,<br \/>zaj\u0119cia dodatkowe<\/strong><\/span><\/p>\n<\/td>\n<\/tr>\n<tr>\n<td class=\"has-text-align-left\" data-align=\"left\">\n<p><span style=\"color: #000000;\"><strong>12.30 \u2013 12.50\u00a0 \u00a0 \u00a0 \u00a0 \u00a0 \u00a0\u00a0<\/strong><\/span><\/p>\n<\/td>\n<td>\n<p><span style=\"color: #000000;\"><strong>Obiadek<\/strong><\/span><\/p>\n<\/td>\n<\/tr>\n<tr>\n<td class=\"has-text-align-left\" data-align=\"left\"><span style=\"color: #000000;\"><strong>13.00 \u2013 14.30<\/strong><\/span><\/td>\n<td>\n<p><span style=\"color: #000000;\"><strong>Odpoczynek, <br \/>zaj\u0119cia wyciszaj\u0105ce, <br \/>zabawy stolikowe<\/strong><\/span><\/p>\n<\/td>\n<\/tr>\n<tr>\n<td class=\"has-text-align-left\" data-align=\"left\"><span style=\"color: #000000;\"><strong>14.45 &#8211; 15:00<\/strong><\/span><\/td>\n<td>\n<p><span style=\"color: #000000;\"><strong>Podwieczorek<\/strong><\/span><\/p>\n<\/td>\n<\/tr>\n<tr>\n<td class=\"has-text-align-left\" data-align=\"left\"><span style=\"color: #000000;\"><strong>15.30 \u2013 17.30<\/strong><\/span><\/td>\n<td>\n<p><span style=\"color: #000000;\"><strong>Zabawy swobodne, k\u0105ciki tematyczne,<br \/>zabawy na \u015bwie\u017cym powietrzu<br \/><\/strong><strong>Rozchodzenie si\u0119 dzieci<\/strong><\/span><\/p>\n<\/td>\n<\/tr>\n<\/tbody>\n<\/table>\n<\/figure>\n<p style=\"text-align: center;\"><span style=\"color: #000000;\"><!-- \/wp:table --><!-- wp:paragraph --><\/span><\/p>\n<p style=\"text-align: center;\">\u00a0<\/p>\n<p><span style=\"color: #000000;\"><!-- \/wp:paragraph --><\/span><\/p>\t\t\t\t\t\t<\/div>\n\t\t\t\t<\/div>\n\t\t\t\t\t<\/div>\n\t\t<\/div>\n\t\t\t\t\t\t\t<\/div>\n\t\t<\/section>\n\t\t\t\t\t\t\t<\/div>\n\t\t","protected":false},"excerpt":{"rendered":"<p>R a m o w y \u00a0 p l a n \u00a0 d n i a\u00a0 \u00a0w\u00a0 p r z e d s z k o l u\u00a0 7.00 \u2013 8.15 Gromadzenie si\u0119 dzieci, zabawy dowolne w k\u0105cikach zainteresowa\u0144\u00a0 8.15 [&hellip;]<\/p>\n","protected":false},"author":3,"featured_media":0,"parent":0,"menu_order":0,"comment_status":"closed","ping_status":"closed","template":"","meta":[],"_links":{"self":[{"href":"https:\/\/blonie.zielonaakademia.edu.pl\/index.php\/wp-json\/wp\/v2\/pages\/13108"}],"collection":[{"href":"https:\/\/blonie.zielonaakademia.edu.pl\/index.php\/wp-json\/wp\/v2\/pages"}],"about":[{"href":"https:\/\/blonie.zielonaakademia.edu.pl\/index.php\/wp-json\/wp\/v2\/types\/page"}],"author":[{"embeddable":true,"href":"https:\/\/blonie.zielonaakademia.edu.pl\/index.php\/wp-json\/wp\/v2\/users\/3"}],"replies":[{"embeddable":true,"href":"https:\/\/blonie.zielonaakademia.edu.pl\/index.php\/wp-json\/wp\/v2\/comments?post=13108"}],"version-history":[{"count":4,"href":"https:\/\/blonie.zielonaakademia.edu.pl\/index.php\/wp-json\/wp\/v2\/pages\/13108\/revisions"}],"predecessor-version":[{"id":13112,"href":"https:\/\/blonie.zielonaakademia.edu.pl\/index.php\/wp-json\/wp\/v2\/pages\/13108\/revisions\/13112"}],"wp:attachment":[{"href":"https:\/\/blonie.zielonaakademia.edu.pl\/index.php\/wp-json\/wp\/v2\/media?parent=13108"}],"curies":[{"name":"wp","href":"https:\/\/api.w.org\/{rel}","templated":true}]}}