{"id":13114,"date":"2025-10-13T12:31:09","date_gmt":"2025-10-13T10:31:09","guid":{"rendered":"https:\/\/blonie.zielonaakademia.edu.pl\/?page_id=13114"},"modified":"2025-10-13T12:33:52","modified_gmt":"2025-10-13T10:33:52","slug":"ramowy-plan-tygodnia-2","status":"publish","type":"page","link":"https:\/\/blonie.zielonaakademia.edu.pl\/index.php\/ramowy-plan-tygodnia-2\/","title":{"rendered":"Ramowy plan tygodnia"},"content":{"rendered":"\t\t<div data-elementor-type=\"wp-page\" data-elementor-id=\"13114\" class=\"elementor elementor-13114\">\n\t\t\t\t\t\t\t\t\t<section class=\"elementor-section elementor-top-section elementor-element elementor-element-6db1874c elementor-section-boxed elementor-section-height-default elementor-section-height-default\" data-id=\"6db1874c\" data-element_type=\"section\">\n\t\t\t\t\t\t<div class=\"elementor-container elementor-column-gap-default\">\n\t\t\t\t\t<div class=\"elementor-column elementor-col-100 elementor-top-column elementor-element elementor-element-78d0bde9\" data-id=\"78d0bde9\" data-element_type=\"column\">\n\t\t\t<div class=\"elementor-widget-wrap elementor-element-populated\">\n\t\t\t\t\t\t\t\t<div class=\"elementor-element elementor-element-5512bb82 elementor-widget elementor-widget-text-editor\" data-id=\"5512bb82\" data-element_type=\"widget\" data-widget_type=\"text-editor.default\">\n\t\t\t\t<div class=\"elementor-widget-container\">\n\t\t\t<style>\/*! elementor - v3.9.1 - 14-12-2022 *\/\n.elementor-widget-text-editor.elementor-drop-cap-view-stacked .elementor-drop-cap{background-color:#818a91;color:#fff}.elementor-widget-text-editor.elementor-drop-cap-view-framed .elementor-drop-cap{color:#818a91;border:3px solid;background-color:transparent}.elementor-widget-text-editor:not(.elementor-drop-cap-view-default) .elementor-drop-cap{margin-top:8px}.elementor-widget-text-editor:not(.elementor-drop-cap-view-default) .elementor-drop-cap-letter{width:1em;height:1em}.elementor-widget-text-editor .elementor-drop-cap{float:left;text-align:center;line-height:1;font-size:50px}.elementor-widget-text-editor .elementor-drop-cap-letter{display:inline-block}<\/style>\t\t\t\t<h3 style=\"text-align: center;\"><span style=\"color: #000000;\">RAMOWY PLAN TYGODNIA &#8211; PRZEDSZKOLE 2025\/2026<\/span><\/h3>\n<table width=\"932\">\n<tbody>\n<tr>\n<td width=\"122\">\n<p><strong>Godzina<\/strong><\/p>\n<\/td>\n<td width=\"142\">\n<p><strong>Poniedzia\u0142ek<\/strong><\/p>\n<\/td>\n<td width=\"180\">\n<p><strong>Wtorek<\/strong><\/p>\n<\/td>\n<td width=\"178\">\n<p><strong>\u015aroda<\/strong><\/p>\n<\/td>\n<td width=\"155\">\n<p><strong>Czwartek<\/strong><\/p>\n<\/td>\n<td width=\"155\">\n<p><strong>Pi\u0105tek<\/strong><\/p>\n<\/td>\n<\/tr>\n<tr>\n<td width=\"122\">\n<p>9:00- 9:30<\/p>\n<\/td>\n<td width=\"142\">\n<p>\u00a0<\/p>\n<\/td>\n<td width=\"180\">\n<p>J\u0119zyk angielski Rybki<\/p>\n<\/td>\n<td width=\"178\">\n<p>Taniec Rybki<\/p>\n<\/td>\n<td width=\"155\">\n<p>J\u0119zyk angielski Rybki<\/p>\n<\/td>\n<td width=\"155\">\n<p>Bajkoterapia<br \/>Rybki<\/p>\n<\/td>\n<\/tr>\n<tr>\n<td width=\"122\">\n<p>9:30- 10:00<\/p>\n<\/td>\n<td width=\"142\">\n<p>\u00a0<\/p>\n<\/td>\n<td width=\"180\">\n<p>J\u0119zyk angielski Misie<\/p>\n<\/td>\n<td width=\"178\">\n<p>Taniec Misie<\/p>\n<\/td>\n<td width=\"155\">\n<p>J\u0119zyk angielski Misie<\/p>\n<\/td>\n<td width=\"155\">\n<p>Bajkoterapia<br \/>Misie<\/p>\n<\/td>\n<\/tr>\n<tr>\n<td width=\"122\">\n<p>10:00- 10:30<\/p>\n<\/td>\n<td width=\"142\">\n<p>Rytmika Rybki<\/p>\n<\/td>\n<td width=\"180\">\n<p>J\u0119zyk angielski \u017babki<\/p>\n<\/td>\n<td width=\"178\">\n<p>Taniec \u017babki<\/p>\n<\/td>\n<td width=\"155\">\n<p><br \/>J\u0119zyk angielski \u017babki<\/p>\n<\/td>\n<td width=\"155\">\n<p>Bajkoterapia <br \/>\u017babki<\/p>\n<\/td>\n<\/tr>\n<tr>\n<td width=\"122\">\n<p>10:30- 11:00<\/p>\n<\/td>\n<td width=\"142\">\n<p>Rytmika Misie<\/p>\n<\/td>\n<td width=\"180\">\n<p>Psycholog<\/p>\n<\/td>\n<td width=\"178\">\n<p>\u00a0<\/p>\n<\/td>\n<td width=\"155\">\n<p>\u00a0<\/p>\n<\/td>\n<td width=\"155\">\n<p>\u00a0<\/p>\n<\/td>\n<\/tr>\n<tr>\n<td width=\"122\">\n<p>11:00- 11:30<\/p>\n<\/td>\n<td width=\"142\">\n<p>Rytmika \u017babki<\/p>\n<\/td>\n<td width=\"180\">\n<p>Psycholog<\/p>\n<\/td>\n<td width=\"178\">\n<p>Gimnastyka Smyka<br \/>Rybki<\/p>\n<\/td>\n<td width=\"155\">\n<p>\u00a0<\/p>\n<\/td>\n<td width=\"155\">\n<p>\u00a0<\/p>\n<\/td>\n<\/tr>\n<tr>\n<td width=\"122\">\n<p>11:30- 12:00<\/p>\n<\/td>\n<td width=\"142\">\n<p>Logopedia<\/p>\n<\/td>\n<td width=\"180\">\n<p>Psycholog<\/p>\n<\/td>\n<td width=\"178\">\n<p>Gimnastyka Smyka<br \/>Misie<\/p>\n<\/td>\n<td width=\"155\">\n<p>\u00a0<\/p>\n<\/td>\n<td width=\"155\">\n<p>\u00a0<\/p>\n<\/td>\n<\/tr>\n<tr>\n<td width=\"122\">\n<p>12:00- 12:30<\/p>\n<\/td>\n<td width=\"142\">\n<p>Logopedia<\/p>\n<\/td>\n<td width=\"180\">\n<p>Psycholog<\/p>\n<\/td>\n<td width=\"178\">\n<p>Aktywny przedszkolak<br \/>\u017babki<\/p>\n<\/td>\n<td width=\"155\">\n<p>\u00a0<\/p>\n<\/td>\n<td width=\"155\">\n<p>\u00a0<\/p>\n<\/td>\n<\/tr>\n<tr>\n<td width=\"122\">\n<p>12:30- 13:00<\/p>\n<\/td>\n<td width=\"142\">\n<p>Logopedia<\/p>\n<\/td>\n<td width=\"180\">\n<p>\u00a0<\/p>\n<\/td>\n<td width=\"178\">\n<p>\u00a0<\/p>\n<\/td>\n<td width=\"155\">\n<p>\u00a0<\/p>\n<\/td>\n<td width=\"155\">\n<p>\u00a0<\/p>\n<\/td>\n<\/tr>\n<tr>\n<td width=\"122\">\n<p>13:00- 13:30<\/p>\n<\/td>\n<td width=\"142\">\n<p>Logopedia<\/p>\n<\/td>\n<td width=\"180\">\n<p>\u00a0<\/p>\n<\/td>\n<td width=\"178\">\n<p>\u00a0<\/p>\n<\/td>\n<td width=\"155\">\n<p>\u00a0<\/p>\n<\/td>\n<td width=\"155\">\n<p>\u00a0<\/p>\n<\/td>\n<\/tr>\n<tr>\n<td width=\"122\">\n<p>13:30- 14:00<\/p>\n<\/td>\n<td width=\"142\">\n<p>Logopedia<\/p>\n<\/td>\n<td width=\"180\">\n<p>\u00a0<\/p>\n<\/td>\n<td width=\"178\">\n<p>\u00a0<\/p>\n<\/td>\n<td width=\"155\">\n<p>\u00a0<\/p>\n<\/td>\n<td width=\"155\">\n<p>\u00a0<\/p>\n<\/td>\n<\/tr>\n<\/tbody>\n<\/table>\t\t\t\t\t\t<\/div>\n\t\t\t\t<\/div>\n\t\t\t\t\t<\/div>\n\t\t<\/div>\n\t\t\t\t\t\t\t<\/div>\n\t\t<\/section>\n\t\t\t\t\t\t\t<\/div>\n\t\t","protected":false},"excerpt":{"rendered":"<p>RAMOWY PLAN TYGODNIA &#8211; PRZEDSZKOLE 2025\/2026 Godzina Poniedzia\u0142ek Wtorek \u015aroda Czwartek Pi\u0105tek 9:00- 9:30 \u00a0 J\u0119zyk angielski Rybki Taniec Rybki J\u0119zyk angielski Rybki BajkoterapiaRybki 9:30- 10:00 \u00a0 J\u0119zyk angielski Misie Taniec Misie J\u0119zyk angielski Misie BajkoterapiaMisie 10:00- 10:30 Rytmika Rybki [&hellip;]<\/p>\n","protected":false},"author":3,"featured_media":0,"parent":0,"menu_order":0,"comment_status":"closed","ping_status":"closed","template":"","meta":[],"_links":{"self":[{"href":"https:\/\/blonie.zielonaakademia.edu.pl\/index.php\/wp-json\/wp\/v2\/pages\/13114"}],"collection":[{"href":"https:\/\/blonie.zielonaakademia.edu.pl\/index.php\/wp-json\/wp\/v2\/pages"}],"about":[{"href":"https:\/\/blonie.zielonaakademia.edu.pl\/index.php\/wp-json\/wp\/v2\/types\/page"}],"author":[{"embeddable":true,"href":"https:\/\/blonie.zielonaakademia.edu.pl\/index.php\/wp-json\/wp\/v2\/users\/3"}],"replies":[{"embeddable":true,"href":"https:\/\/blonie.zielonaakademia.edu.pl\/index.php\/wp-json\/wp\/v2\/comments?post=13114"}],"version-history":[{"count":10,"href":"https:\/\/blonie.zielonaakademia.edu.pl\/index.php\/wp-json\/wp\/v2\/pages\/13114\/revisions"}],"predecessor-version":[{"id":13125,"href":"https:\/\/blonie.zielonaakademia.edu.pl\/index.php\/wp-json\/wp\/v2\/pages\/13114\/revisions\/13125"}],"wp:attachment":[{"href":"https:\/\/blonie.zielonaakademia.edu.pl\/index.php\/wp-json\/wp\/v2\/media?parent=13114"}],"curies":[{"name":"wp","href":"https:\/\/api.w.org\/{rel}","templated":true}]}}