{"id":13131,"date":"2025-10-13T12:45:42","date_gmt":"2025-10-13T10:45:42","guid":{"rendered":"https:\/\/blonie.zielonaakademia.edu.pl\/?page_id=13131"},"modified":"2025-10-13T12:46:07","modified_gmt":"2025-10-13T10:46:07","slug":"kubusiowi-przyjaciele-natury","status":"publish","type":"page","link":"https:\/\/blonie.zielonaakademia.edu.pl\/index.php\/kubusiowi-przyjaciele-natury\/","title":{"rendered":"Kubusiowi Przyjaciele Natury"},"content":{"rendered":"\t\t<div data-elementor-type=\"wp-page\" data-elementor-id=\"13131\" class=\"elementor elementor-13131\">\n\t\t\t\t\t\t\t\t\t<section class=\"elementor-section elementor-top-section elementor-element elementor-element-2f81fd05 elementor-section-boxed elementor-section-height-default elementor-section-height-default\" data-id=\"2f81fd05\" data-element_type=\"section\">\n\t\t\t\t\t\t<div class=\"elementor-container elementor-column-gap-default\">\n\t\t\t\t\t<div class=\"elementor-column elementor-col-100 elementor-top-column elementor-element elementor-element-72d40cac\" data-id=\"72d40cac\" data-element_type=\"column\">\n\t\t\t<div class=\"elementor-widget-wrap elementor-element-populated\">\n\t\t\t\t\t\t\t\t<div class=\"elementor-element elementor-element-7f98fba1 elementor-widget elementor-widget-text-editor\" data-id=\"7f98fba1\" data-element_type=\"widget\" data-widget_type=\"text-editor.default\">\n\t\t\t\t<div class=\"elementor-widget-container\">\n\t\t\t<style>\/*! elementor - v3.9.1 - 14-12-2022 *\/\n.elementor-widget-text-editor.elementor-drop-cap-view-stacked .elementor-drop-cap{background-color:#818a91;color:#fff}.elementor-widget-text-editor.elementor-drop-cap-view-framed .elementor-drop-cap{color:#818a91;border:3px solid;background-color:transparent}.elementor-widget-text-editor:not(.elementor-drop-cap-view-default) .elementor-drop-cap{margin-top:8px}.elementor-widget-text-editor:not(.elementor-drop-cap-view-default) .elementor-drop-cap-letter{width:1em;height:1em}.elementor-widget-text-editor .elementor-drop-cap{float:left;text-align:center;line-height:1;font-size:50px}.elementor-widget-text-editor .elementor-drop-cap-letter{display:inline-block}<\/style>\t\t\t\t<!-- wp:paragraph -->\n<p style=\"text-align: center;\"><img decoding=\"async\" loading=\"lazy\" class=\"custom-logo\" src=\"https:\/\/przyjacielenatury.pl\/wp-content\/uploads\/2025\/07\/kpn-144x120-1.png\" alt=\"Kubusiowi Przyjaciele Natury\" width=\"197\" height=\"164\" \/><\/p>\n<p style=\"text-align: center;\"><span style=\"color: #000000;\"><strong>To jeden z najwi\u0119kszych og\u00f3lnopolskich program\u00f3w edukacyjnych dla przedszkoli<\/strong><\/span><br \/><span style=\"color: #000000;\"><strong>po\u015bwi\u0119cony tematyce ekologicznej, organizowany przez mark\u0119 Kubu\u015b.<\/strong><\/span><\/p>\n<p style=\"text-align: center;\"><span style=\"color: #000000;\">Jego celem jest proekologiczna edukacja dzieci i zach\u0119cenie ich <\/span><br \/><span style=\"color: #000000;\">do ruchu ju\u017c od najm\u0142odszych lat. <\/span><br \/><span style=\"color: #000000;\"><strong>Zielona Akademia od 2018 roku<\/strong> bierze udzia\u0142 w zaj\u0119ciach tematycznych, <\/span><br \/><span style=\"color: #000000;\">podczas kt\u00f3rych dzieci ucz\u0105 si\u0119 troszczy\u0107 o \u015brodowisko naturalne, <\/span><br \/><span style=\"color: #000000;\">poznaj\u0105 podstawowe zasady ekologii, dowiaduj\u0105 si\u0119, <\/span><br \/><span style=\"color: #000000;\">dlaczego warto je\u015b\u0107 owoce i warzywa oraz poznaj\u0105 korzy\u015bci p\u0142yn\u0105ce z ruchu.<\/span><\/p>\n<p style=\"text-align: center;\"><span style=\"color: #000000;\"><img decoding=\"async\" loading=\"lazy\" class=\"alignnone wp-image-27118\" src=\"https:\/\/wierzbin.zielonaakademia.edu.pl\/wp-content\/uploads\/2025\/09\/cert-212x300.png\" alt=\"\" width=\"298\" height=\"422\" \/><\/span><\/p>\n<p><span style=\"color: #000000;\"><!-- \/wp:paragraph --><\/span><\/p>\t\t\t\t\t\t<\/div>\n\t\t\t\t<\/div>\n\t\t\t\t\t<\/div>\n\t\t<\/div>\n\t\t\t\t\t\t\t<\/div>\n\t\t<\/section>\n\t\t\t\t\t\t\t<\/div>\n\t\t","protected":false},"excerpt":{"rendered":"<p>To jeden z najwi\u0119kszych og\u00f3lnopolskich program\u00f3w edukacyjnych dla przedszkolipo\u015bwi\u0119cony tematyce ekologicznej, organizowany przez mark\u0119 Kubu\u015b. Jego celem jest proekologiczna edukacja dzieci i zach\u0119cenie ich do ruchu ju\u017c od najm\u0142odszych lat. Zielona Akademia od 2018 roku bierze udzia\u0142 w zaj\u0119ciach tematycznych, [&hellip;]<\/p>\n","protected":false},"author":3,"featured_media":0,"parent":0,"menu_order":0,"comment_status":"closed","ping_status":"closed","template":"","meta":[],"_links":{"self":[{"href":"https:\/\/blonie.zielonaakademia.edu.pl\/index.php\/wp-json\/wp\/v2\/pages\/13131"}],"collection":[{"href":"https:\/\/blonie.zielonaakademia.edu.pl\/index.php\/wp-json\/wp\/v2\/pages"}],"about":[{"href":"https:\/\/blonie.zielonaakademia.edu.pl\/index.php\/wp-json\/wp\/v2\/types\/page"}],"author":[{"embeddable":true,"href":"https:\/\/blonie.zielonaakademia.edu.pl\/index.php\/wp-json\/wp\/v2\/users\/3"}],"replies":[{"embeddable":true,"href":"https:\/\/blonie.zielonaakademia.edu.pl\/index.php\/wp-json\/wp\/v2\/comments?post=13131"}],"version-history":[{"count":4,"href":"https:\/\/blonie.zielonaakademia.edu.pl\/index.php\/wp-json\/wp\/v2\/pages\/13131\/revisions"}],"predecessor-version":[{"id":13135,"href":"https:\/\/blonie.zielonaakademia.edu.pl\/index.php\/wp-json\/wp\/v2\/pages\/13131\/revisions\/13135"}],"wp:attachment":[{"href":"https:\/\/blonie.zielonaakademia.edu.pl\/index.php\/wp-json\/wp\/v2\/media?parent=13131"}],"curies":[{"name":"wp","href":"https:\/\/api.w.org\/{rel}","templated":true}]}}