{"id":13141,"date":"2025-10-13T12:48:19","date_gmt":"2025-10-13T10:48:19","guid":{"rendered":"https:\/\/blonie.zielonaakademia.edu.pl\/?page_id=13141"},"modified":"2025-10-13T12:48:47","modified_gmt":"2025-10-13T10:48:47","slug":"wosp","status":"publish","type":"page","link":"https:\/\/blonie.zielonaakademia.edu.pl\/index.php\/wosp\/","title":{"rendered":"WO\u015aP"},"content":{"rendered":"\t\t<div data-elementor-type=\"wp-page\" data-elementor-id=\"13141\" class=\"elementor elementor-13141\">\n\t\t\t\t\t\t\t\t\t<section class=\"elementor-section elementor-top-section elementor-element elementor-element-12daf8f8 elementor-section-boxed elementor-section-height-default elementor-section-height-default\" data-id=\"12daf8f8\" data-element_type=\"section\">\n\t\t\t\t\t\t<div class=\"elementor-container elementor-column-gap-default\">\n\t\t\t\t\t<div class=\"elementor-column elementor-col-100 elementor-top-column elementor-element elementor-element-15e5bce7\" data-id=\"15e5bce7\" data-element_type=\"column\">\n\t\t\t<div class=\"elementor-widget-wrap elementor-element-populated\">\n\t\t\t\t\t\t\t\t<div class=\"elementor-element elementor-element-29d1d6fd elementor-widget elementor-widget-text-editor\" data-id=\"29d1d6fd\" data-element_type=\"widget\" data-widget_type=\"text-editor.default\">\n\t\t\t\t<div class=\"elementor-widget-container\">\n\t\t\t<style>\/*! elementor - v3.9.1 - 14-12-2022 *\/\n.elementor-widget-text-editor.elementor-drop-cap-view-stacked .elementor-drop-cap{background-color:#818a91;color:#fff}.elementor-widget-text-editor.elementor-drop-cap-view-framed .elementor-drop-cap{color:#818a91;border:3px solid;background-color:transparent}.elementor-widget-text-editor:not(.elementor-drop-cap-view-default) .elementor-drop-cap{margin-top:8px}.elementor-widget-text-editor:not(.elementor-drop-cap-view-default) .elementor-drop-cap-letter{width:1em;height:1em}.elementor-widget-text-editor .elementor-drop-cap{float:left;text-align:center;line-height:1;font-size:50px}.elementor-widget-text-editor .elementor-drop-cap-letter{display:inline-block}<\/style>\t\t\t\t<p><span style=\"color: #000000;\"><!-- wp:paragraph --><\/span><\/p>\n<p style=\"text-align: center;\"><span style=\"color: #000000;\"><img decoding=\"async\" class=\"sFlh5c FyHeAf aligncenter\" src=\"https:\/\/encrypted-tbn0.gstatic.com\/images?q=tbn:ANd9GcTPSmMR9XODdP6NvABQ2s3FLQZxjU4tW8Bdmw&amp;s\" alt=\"WO\u015aP\" data-ilt=\"1758200045452\" \/><\/span><\/p>\n<p style=\"text-align: center;\"><span style=\"color: #000000;\"><strong>Zielona Akademia od 2012 roku bierze udzia\u0142 <\/strong><\/span><br \/><span style=\"color: #000000;\"><strong>w zbi\u00f3rkach wspieraj\u0105cych dzia\u0142alno\u015b\u0107 fundacji <\/strong><\/span><br \/><span style=\"color: #000000;\"><strong>Wielkiej Orkiestry \u015awi\u0105tecznej Pomocy.<\/strong><\/span><\/p>\n<p style=\"text-align: center;\"><span style=\"color: #000000;\">Z roku na rok nasze przedszkolaki wraz z pomoc\u0105 Rodzic\u00f3w bij\u0105 rekordy zebranych kwot <\/span><br \/><span style=\"color: #000000;\">&#8211; dzielnie wrzucaj\u0105 pieni\u0105\u017cki i otrzymuj\u0105 naklejki z serduszkami. <\/span><br \/><span style=\"color: #000000;\">Plac\u00f3wka wsp\u00f3\u0142pracuje ze sztabami WO\u015aP z gminy Stare Babice.<\/span><\/p>\n<p><span style=\"color: #000000;\"><!-- \/wp:paragraph --><\/span><\/p>\t\t\t\t\t\t<\/div>\n\t\t\t\t<\/div>\n\t\t\t\t\t<\/div>\n\t\t<\/div>\n\t\t\t\t\t\t\t<\/div>\n\t\t<\/section>\n\t\t\t\t\t\t\t<\/div>\n\t\t","protected":false},"excerpt":{"rendered":"<p>Zielona Akademia od 2012 roku bierze udzia\u0142 w zbi\u00f3rkach wspieraj\u0105cych dzia\u0142alno\u015b\u0107 fundacji Wielkiej Orkiestry \u015awi\u0105tecznej Pomocy. Z roku na rok nasze przedszkolaki wraz z pomoc\u0105 Rodzic\u00f3w bij\u0105 rekordy zebranych kwot &#8211; dzielnie wrzucaj\u0105 pieni\u0105\u017cki i otrzymuj\u0105 naklejki z serduszkami. Plac\u00f3wka [&hellip;]<\/p>\n","protected":false},"author":3,"featured_media":0,"parent":0,"menu_order":0,"comment_status":"closed","ping_status":"closed","template":"","meta":[],"_links":{"self":[{"href":"https:\/\/blonie.zielonaakademia.edu.pl\/index.php\/wp-json\/wp\/v2\/pages\/13141"}],"collection":[{"href":"https:\/\/blonie.zielonaakademia.edu.pl\/index.php\/wp-json\/wp\/v2\/pages"}],"about":[{"href":"https:\/\/blonie.zielonaakademia.edu.pl\/index.php\/wp-json\/wp\/v2\/types\/page"}],"author":[{"embeddable":true,"href":"https:\/\/blonie.zielonaakademia.edu.pl\/index.php\/wp-json\/wp\/v2\/users\/3"}],"replies":[{"embeddable":true,"href":"https:\/\/blonie.zielonaakademia.edu.pl\/index.php\/wp-json\/wp\/v2\/comments?post=13141"}],"version-history":[{"count":4,"href":"https:\/\/blonie.zielonaakademia.edu.pl\/index.php\/wp-json\/wp\/v2\/pages\/13141\/revisions"}],"predecessor-version":[{"id":13145,"href":"https:\/\/blonie.zielonaakademia.edu.pl\/index.php\/wp-json\/wp\/v2\/pages\/13141\/revisions\/13145"}],"wp:attachment":[{"href":"https:\/\/blonie.zielonaakademia.edu.pl\/index.php\/wp-json\/wp\/v2\/media?parent=13141"}],"curies":[{"name":"wp","href":"https:\/\/api.w.org\/{rel}","templated":true}]}}