{"id":13146,"date":"2025-10-13T12:49:10","date_gmt":"2025-10-13T10:49:10","guid":{"rendered":"https:\/\/blonie.zielonaakademia.edu.pl\/?page_id=13146"},"modified":"2025-10-13T12:49:45","modified_gmt":"2025-10-13T10:49:45","slug":"dentobus","status":"publish","type":"page","link":"https:\/\/blonie.zielonaakademia.edu.pl\/index.php\/dentobus\/","title":{"rendered":"Dentobus"},"content":{"rendered":"\t\t<div data-elementor-type=\"wp-page\" data-elementor-id=\"13146\" class=\"elementor elementor-13146\">\n\t\t\t\t\t\t\t\t\t<section class=\"elementor-section elementor-top-section elementor-element elementor-element-7be5bed9 elementor-section-boxed elementor-section-height-default elementor-section-height-default\" data-id=\"7be5bed9\" data-element_type=\"section\">\n\t\t\t\t\t\t<div class=\"elementor-container elementor-column-gap-default\">\n\t\t\t\t\t<div class=\"elementor-column elementor-col-100 elementor-top-column elementor-element elementor-element-684ba02d\" data-id=\"684ba02d\" data-element_type=\"column\">\n\t\t\t<div class=\"elementor-widget-wrap elementor-element-populated\">\n\t\t\t\t\t\t\t\t<div class=\"elementor-element elementor-element-7f33f330 elementor-widget elementor-widget-text-editor\" data-id=\"7f33f330\" data-element_type=\"widget\" data-widget_type=\"text-editor.default\">\n\t\t\t\t<div class=\"elementor-widget-container\">\n\t\t\t<style>\/*! elementor - v3.9.1 - 14-12-2022 *\/\n.elementor-widget-text-editor.elementor-drop-cap-view-stacked .elementor-drop-cap{background-color:#818a91;color:#fff}.elementor-widget-text-editor.elementor-drop-cap-view-framed .elementor-drop-cap{color:#818a91;border:3px solid;background-color:transparent}.elementor-widget-text-editor:not(.elementor-drop-cap-view-default) .elementor-drop-cap{margin-top:8px}.elementor-widget-text-editor:not(.elementor-drop-cap-view-default) .elementor-drop-cap-letter{width:1em;height:1em}.elementor-widget-text-editor .elementor-drop-cap{float:left;text-align:center;line-height:1;font-size:50px}.elementor-widget-text-editor .elementor-drop-cap-letter{display:inline-block}<\/style>\t\t\t\t<p><span style=\"color: #000000;\"><img decoding=\"async\" loading=\"lazy\" class=\"sFlh5c FyHeAf iPVvYb aligncenter\" src=\"https:\/\/www.pp21.pl\/wp-content\/uploads\/2023\/01\/Bez-tytulu1-1.jpg\" alt=\"Dentobus w przedszkolu - projekt stomatologiczny - Przedszkole Publiczne nr  21 w Tarnowie\" width=\"351\" height=\"208\" \/><\/span><\/p>\n<p style=\"text-align: center;\"><span style=\"color: #000000;\">Dentobus to w pe\u0142ni wyposa\u017cony mobilny gabinet stomatologiczny dla dzieci.<\/span><br \/><span style=\"color: #000000;\">Leczenie w nim jest bezp\u0142atne i obejmuje przegl\u0105d stomatologiczny, <\/span><br \/><span style=\"color: #000000;\">fluoryzacj\u0119, lakowanie z\u0119b\u00f3w czy instrukta\u017c higieny jamy ustnej. <\/span><br \/><span style=\"color: #000000;\">Dzieci bardzo ch\u0119tnie co roku bior\u0105 w bim udzia\u0142. <\/span><br \/><span style=\"color: #000000;\">Rodzice otrzymuj\u0105 pisemn\u0105 informacj\u0119 o stanie z\u0119b\u00f3w i jamy ustnej dzieci.<\/span><br \/><br \/><\/p>\n<p style=\"text-align: center;\"><span style=\"color: #000000;\"><strong>Nasze przedszkolaki wsp\u00f3lnie z Dentobusem <br \/>dbaj\u0105 o swoje u\u015bmiechy od 4 lat!<\/strong><\/span><\/p>\n<p>\u00a0<\/p>\t\t\t\t\t\t<\/div>\n\t\t\t\t<\/div>\n\t\t\t\t\t<\/div>\n\t\t<\/div>\n\t\t\t\t\t\t\t<\/div>\n\t\t<\/section>\n\t\t\t\t\t\t\t<\/div>\n\t\t","protected":false},"excerpt":{"rendered":"<p>Dentobus to w pe\u0142ni wyposa\u017cony mobilny gabinet stomatologiczny dla dzieci.Leczenie w nim jest bezp\u0142atne i obejmuje przegl\u0105d stomatologiczny, fluoryzacj\u0119, lakowanie z\u0119b\u00f3w czy instrukta\u017c higieny jamy ustnej. Dzieci bardzo ch\u0119tnie co roku bior\u0105 w bim udzia\u0142. Rodzice otrzymuj\u0105 pisemn\u0105 informacj\u0119 o [&hellip;]<\/p>\n","protected":false},"author":3,"featured_media":0,"parent":0,"menu_order":0,"comment_status":"closed","ping_status":"closed","template":"","meta":[],"_links":{"self":[{"href":"https:\/\/blonie.zielonaakademia.edu.pl\/index.php\/wp-json\/wp\/v2\/pages\/13146"}],"collection":[{"href":"https:\/\/blonie.zielonaakademia.edu.pl\/index.php\/wp-json\/wp\/v2\/pages"}],"about":[{"href":"https:\/\/blonie.zielonaakademia.edu.pl\/index.php\/wp-json\/wp\/v2\/types\/page"}],"author":[{"embeddable":true,"href":"https:\/\/blonie.zielonaakademia.edu.pl\/index.php\/wp-json\/wp\/v2\/users\/3"}],"replies":[{"embeddable":true,"href":"https:\/\/blonie.zielonaakademia.edu.pl\/index.php\/wp-json\/wp\/v2\/comments?post=13146"}],"version-history":[{"count":7,"href":"https:\/\/blonie.zielonaakademia.edu.pl\/index.php\/wp-json\/wp\/v2\/pages\/13146\/revisions"}],"predecessor-version":[{"id":13153,"href":"https:\/\/blonie.zielonaakademia.edu.pl\/index.php\/wp-json\/wp\/v2\/pages\/13146\/revisions\/13153"}],"wp:attachment":[{"href":"https:\/\/blonie.zielonaakademia.edu.pl\/index.php\/wp-json\/wp\/v2\/media?parent=13146"}],"curies":[{"name":"wp","href":"https:\/\/api.w.org\/{rel}","templated":true}]}}