{"id":13171,"date":"2025-10-13T12:58:02","date_gmt":"2025-10-13T10:58:02","guid":{"rendered":"https:\/\/blonie.zielonaakademia.edu.pl\/?page_id=13171"},"modified":"2026-03-18T13:00:03","modified_gmt":"2026-03-18T12:00:03","slug":"pedagog-specjalny","status":"publish","type":"page","link":"https:\/\/blonie.zielonaakademia.edu.pl\/index.php\/pedagog-specjalny\/","title":{"rendered":"Pedagog specjalny"},"content":{"rendered":"\t\t<div data-elementor-type=\"wp-page\" data-elementor-id=\"13171\" class=\"elementor elementor-13171\">\n\t\t\t\t\t\t\t\t\t<section class=\"elementor-section elementor-top-section elementor-element elementor-element-24275671 elementor-section-boxed elementor-section-height-default elementor-section-height-default\" data-id=\"24275671\" data-element_type=\"section\">\n\t\t\t\t\t\t<div class=\"elementor-container elementor-column-gap-default\">\n\t\t\t\t\t<div class=\"elementor-column elementor-col-100 elementor-top-column elementor-element elementor-element-32c3bff5\" data-id=\"32c3bff5\" data-element_type=\"column\">\n\t\t\t<div class=\"elementor-widget-wrap elementor-element-populated\">\n\t\t\t\t\t\t\t\t<div class=\"elementor-element elementor-element-2c28305f elementor-widget elementor-widget-text-editor\" data-id=\"2c28305f\" data-element_type=\"widget\" data-widget_type=\"text-editor.default\">\n\t\t\t\t<div class=\"elementor-widget-container\">\n\t\t\t<style>\/*! elementor - v3.9.1 - 14-12-2022 *\/\n.elementor-widget-text-editor.elementor-drop-cap-view-stacked .elementor-drop-cap{background-color:#818a91;color:#fff}.elementor-widget-text-editor.elementor-drop-cap-view-framed .elementor-drop-cap{color:#818a91;border:3px solid;background-color:transparent}.elementor-widget-text-editor:not(.elementor-drop-cap-view-default) .elementor-drop-cap{margin-top:8px}.elementor-widget-text-editor:not(.elementor-drop-cap-view-default) .elementor-drop-cap-letter{width:1em;height:1em}.elementor-widget-text-editor .elementor-drop-cap{float:left;text-align:center;line-height:1;font-size:50px}.elementor-widget-text-editor .elementor-drop-cap-letter{display:inline-block}<\/style>\t\t\t\t<p style=\"text-align: center;\"><span style=\"color: #000000;\"><strong>W naszej plac\u00f3wce\u00a0<\/strong>zajmujemy si\u0119 <\/span><br \/><span style=\"color: #000000;\">planowaniem i prowadzeniem dzia\u0142a\u0144 edukacyjnych, terapeutycznych <\/span><br \/><span style=\"color: #000000;\">oraz opieku\u0144czych dla dzieci ze specjalnymi potrzebami edukacyjnymi i rozwojowymi.<\/span><\/p><p style=\"text-align: center;\"><span style=\"color: #000000;\">Pod czujnym okiem w\u0142a\u015bciciela-<strong> dr Ewy Drozd, <\/strong><\/span><br \/><span style=\"color: #000000;\"><strong>pedagoga specjalnego z wieloletnim do\u015bwiadczeniem<\/strong> pomagamy zar\u00f3wno dzieciom, <\/span><br \/><span style=\"color: #000000;\">jak i Rodzicom odnale\u017a\u0107 si\u0119 w sytuacji specjalnych potrzeb edukacyjnych.<\/span><\/p><p style=\"text-align: center;\"><span style=\"color: #000000;\">Kierujemy dzieci do Poradni Pedagogiczno- Psychologicznej <strong>(PPP),<\/strong> <\/span><br \/><span style=\"color: #000000;\">tworzymy Indywidualne Programy Edukacyjno- Terapeutyczne <strong>(IPET)<\/strong> <\/span><br \/><span style=\"color: #000000;\">oraz Wielospecjalistyczne Oceny Poziomu Funkcjonowania dziecka (<strong>WOPF)<\/strong> <\/span><br \/><span style=\"color: #000000;\">dla dzieci z orzeczeniem kszta\u0142cenia specjalnego <strong>(KS),<\/strong> <\/span><br \/><span style=\"color: #000000;\">a tak\u017ce realizujemy opinie o potrzebie wczesnego wspomagania rozwoju (<strong>WWR).<\/strong><\/span><\/p><p style=\"text-align: center;\"><img decoding=\"async\" loading=\"lazy\" class=\"alignnone size-medium wp-image-15778\" src=\"https:\/\/blonie.zielonaakademia.edu.pl\/wp-content\/uploads\/2026\/03\/1000007513-300x225.jpg\" alt=\"\" width=\"300\" height=\"225\" srcset=\"https:\/\/blonie.zielonaakademia.edu.pl\/wp-content\/uploads\/2026\/03\/1000007513-300x225.jpg 300w, https:\/\/blonie.zielonaakademia.edu.pl\/wp-content\/uploads\/2026\/03\/1000007513-768x576.jpg 768w, https:\/\/blonie.zielonaakademia.edu.pl\/wp-content\/uploads\/2026\/03\/1000007513-1536x1152.jpg 1536w, https:\/\/blonie.zielonaakademia.edu.pl\/wp-content\/uploads\/2026\/03\/1000007513-2048x1536.jpg 2048w, https:\/\/blonie.zielonaakademia.edu.pl\/wp-content\/uploads\/2026\/03\/1000007513-360x270.jpg 360w\" sizes=\"(max-width: 300px) 100vw, 300px\" \/><\/p>\t\t\t\t\t\t<\/div>\n\t\t\t\t<\/div>\n\t\t\t\t\t<\/div>\n\t\t<\/div>\n\t\t\t\t\t\t\t<\/div>\n\t\t<\/section>\n\t\t\t\t\t\t\t<\/div>\n\t\t","protected":false},"excerpt":{"rendered":"<p>W naszej plac\u00f3wce\u00a0zajmujemy si\u0119 planowaniem i prowadzeniem dzia\u0142a\u0144 edukacyjnych, terapeutycznych oraz opieku\u0144czych dla dzieci ze specjalnymi potrzebami edukacyjnymi i rozwojowymi. Pod czujnym okiem w\u0142a\u015bciciela- dr Ewy Drozd, pedagoga specjalnego z wieloletnim do\u015bwiadczeniem pomagamy zar\u00f3wno dzieciom, jak i Rodzicom odnale\u017a\u0107 si\u0119 [&hellip;]<\/p>\n","protected":false},"author":3,"featured_media":0,"parent":0,"menu_order":0,"comment_status":"closed","ping_status":"closed","template":"","meta":[],"_links":{"self":[{"href":"https:\/\/blonie.zielonaakademia.edu.pl\/index.php\/wp-json\/wp\/v2\/pages\/13171"}],"collection":[{"href":"https:\/\/blonie.zielonaakademia.edu.pl\/index.php\/wp-json\/wp\/v2\/pages"}],"about":[{"href":"https:\/\/blonie.zielonaakademia.edu.pl\/index.php\/wp-json\/wp\/v2\/types\/page"}],"author":[{"embeddable":true,"href":"https:\/\/blonie.zielonaakademia.edu.pl\/index.php\/wp-json\/wp\/v2\/users\/3"}],"replies":[{"embeddable":true,"href":"https:\/\/blonie.zielonaakademia.edu.pl\/index.php\/wp-json\/wp\/v2\/comments?post=13171"}],"version-history":[{"count":10,"href":"https:\/\/blonie.zielonaakademia.edu.pl\/index.php\/wp-json\/wp\/v2\/pages\/13171\/revisions"}],"predecessor-version":[{"id":15781,"href":"https:\/\/blonie.zielonaakademia.edu.pl\/index.php\/wp-json\/wp\/v2\/pages\/13171\/revisions\/15781"}],"wp:attachment":[{"href":"https:\/\/blonie.zielonaakademia.edu.pl\/index.php\/wp-json\/wp\/v2\/media?parent=13171"}],"curies":[{"name":"wp","href":"https:\/\/api.w.org\/{rel}","templated":true}]}}