{"id":13176,"date":"2025-10-13T13:00:04","date_gmt":"2025-10-13T11:00:04","guid":{"rendered":"https:\/\/blonie.zielonaakademia.edu.pl\/?page_id=13176"},"modified":"2026-03-18T13:02:38","modified_gmt":"2026-03-18T12:02:38","slug":"psycholog","status":"publish","type":"page","link":"https:\/\/blonie.zielonaakademia.edu.pl\/index.php\/psycholog\/","title":{"rendered":"Psycholog"},"content":{"rendered":"\t\t<div data-elementor-type=\"wp-page\" data-elementor-id=\"13176\" class=\"elementor elementor-13176\">\n\t\t\t\t\t\t\t\t\t<section class=\"elementor-section elementor-top-section elementor-element elementor-element-6146ab1f elementor-section-boxed elementor-section-height-default elementor-section-height-default\" data-id=\"6146ab1f\" data-element_type=\"section\">\n\t\t\t\t\t\t<div class=\"elementor-container elementor-column-gap-default\">\n\t\t\t\t\t<div class=\"elementor-column elementor-col-100 elementor-top-column elementor-element elementor-element-f124351\" data-id=\"f124351\" data-element_type=\"column\">\n\t\t\t<div class=\"elementor-widget-wrap elementor-element-populated\">\n\t\t\t\t\t\t\t\t<div class=\"elementor-element elementor-element-1ef0cb94 elementor-widget elementor-widget-text-editor\" data-id=\"1ef0cb94\" data-element_type=\"widget\" data-widget_type=\"text-editor.default\">\n\t\t\t\t<div class=\"elementor-widget-container\">\n\t\t\t<style>\/*! elementor - v3.9.1 - 14-12-2022 *\/\n.elementor-widget-text-editor.elementor-drop-cap-view-stacked .elementor-drop-cap{background-color:#818a91;color:#fff}.elementor-widget-text-editor.elementor-drop-cap-view-framed .elementor-drop-cap{color:#818a91;border:3px solid;background-color:transparent}.elementor-widget-text-editor:not(.elementor-drop-cap-view-default) .elementor-drop-cap{margin-top:8px}.elementor-widget-text-editor:not(.elementor-drop-cap-view-default) .elementor-drop-cap-letter{width:1em;height:1em}.elementor-widget-text-editor .elementor-drop-cap{float:left;text-align:center;line-height:1;font-size:50px}.elementor-widget-text-editor .elementor-drop-cap-letter{display:inline-block}<\/style>\t\t\t\t<p style=\"text-align: center;\"><span style=\"color: #000000;\"><strong>Ka\u017cde dziecko w naszej plac\u00f3wce obj\u0119te jest wsparciem psychologa.<\/strong><\/span><\/p><p style=\"text-align: center;\"><span style=\"color: #000000;\">Opieka psychologiczna w plac\u00f3wce polega na rozpoznawaniu <\/span><br \/><span style=\"color: #000000;\">i zaspokajaniu indywidualnych potrzeb rozwojowych dzieci, <\/span><br \/><span style=\"color: #000000;\">wspieraniu ich rozwoju oraz wspieraniu rodzic\u00f3w <\/span><br \/><span style=\"color: #000000;\">w rozwi\u0105zywaniu problem\u00f3w wychowawczych i dydaktycznych.\u00a0<\/span><\/p><p style=\"text-align: center;\"><span style=\"color: #000000;\">Nasz psycholog dost\u0119pny jest zar\u00f3wno dla dzieci, jak i Rodzic\u00f3w <\/span><br \/><span style=\"color: #000000;\">prowadz\u0105c zaj\u0119cia indywidualne oraz grupowe, <\/span><br \/><span style=\"color: #000000;\">a tak\u017ce udzielaj\u0105c porad i konsultacji.\u00a0<\/span><\/p><p style=\"text-align: center;\"><img decoding=\"async\" loading=\"lazy\" class=\"alignnone size-medium wp-image-15786\" src=\"https:\/\/blonie.zielonaakademia.edu.pl\/wp-content\/uploads\/2026\/03\/1000007545-300x225.jpg\" alt=\"\" width=\"300\" height=\"225\" srcset=\"https:\/\/blonie.zielonaakademia.edu.pl\/wp-content\/uploads\/2026\/03\/1000007545-300x225.jpg 300w, https:\/\/blonie.zielonaakademia.edu.pl\/wp-content\/uploads\/2026\/03\/1000007545-768x576.jpg 768w, https:\/\/blonie.zielonaakademia.edu.pl\/wp-content\/uploads\/2026\/03\/1000007545-1536x1152.jpg 1536w, https:\/\/blonie.zielonaakademia.edu.pl\/wp-content\/uploads\/2026\/03\/1000007545-2048x1536.jpg 2048w, https:\/\/blonie.zielonaakademia.edu.pl\/wp-content\/uploads\/2026\/03\/1000007545-360x270.jpg 360w\" sizes=\"(max-width: 300px) 100vw, 300px\" \/><\/p>\t\t\t\t\t\t<\/div>\n\t\t\t\t<\/div>\n\t\t\t\t\t<\/div>\n\t\t<\/div>\n\t\t\t\t\t\t\t<\/div>\n\t\t<\/section>\n\t\t\t\t\t\t\t<\/div>\n\t\t","protected":false},"excerpt":{"rendered":"<p>Ka\u017cde dziecko w naszej plac\u00f3wce obj\u0119te jest wsparciem psychologa. Opieka psychologiczna w plac\u00f3wce polega na rozpoznawaniu i zaspokajaniu indywidualnych potrzeb rozwojowych dzieci, wspieraniu ich rozwoju oraz wspieraniu rodzic\u00f3w w rozwi\u0105zywaniu problem\u00f3w wychowawczych i dydaktycznych.\u00a0 Nasz psycholog dost\u0119pny jest zar\u00f3wno dla [&hellip;]<\/p>\n","protected":false},"author":3,"featured_media":0,"parent":0,"menu_order":0,"comment_status":"closed","ping_status":"closed","template":"","meta":[],"_links":{"self":[{"href":"https:\/\/blonie.zielonaakademia.edu.pl\/index.php\/wp-json\/wp\/v2\/pages\/13176"}],"collection":[{"href":"https:\/\/blonie.zielonaakademia.edu.pl\/index.php\/wp-json\/wp\/v2\/pages"}],"about":[{"href":"https:\/\/blonie.zielonaakademia.edu.pl\/index.php\/wp-json\/wp\/v2\/types\/page"}],"author":[{"embeddable":true,"href":"https:\/\/blonie.zielonaakademia.edu.pl\/index.php\/wp-json\/wp\/v2\/users\/3"}],"replies":[{"embeddable":true,"href":"https:\/\/blonie.zielonaakademia.edu.pl\/index.php\/wp-json\/wp\/v2\/comments?post=13176"}],"version-history":[{"count":10,"href":"https:\/\/blonie.zielonaakademia.edu.pl\/index.php\/wp-json\/wp\/v2\/pages\/13176\/revisions"}],"predecessor-version":[{"id":15789,"href":"https:\/\/blonie.zielonaakademia.edu.pl\/index.php\/wp-json\/wp\/v2\/pages\/13176\/revisions\/15789"}],"wp:attachment":[{"href":"https:\/\/blonie.zielonaakademia.edu.pl\/index.php\/wp-json\/wp\/v2\/media?parent=13176"}],"curies":[{"name":"wp","href":"https:\/\/api.w.org\/{rel}","templated":true}]}}