{"id":13612,"date":"2025-10-15T15:40:39","date_gmt":"2025-10-15T13:40:39","guid":{"rendered":"https:\/\/blonie.zielonaakademia.edu.pl\/?page_id=13612"},"modified":"2026-03-18T13:04:05","modified_gmt":"2026-03-18T12:04:05","slug":"terapia-reki","status":"publish","type":"page","link":"https:\/\/blonie.zielonaakademia.edu.pl\/index.php\/terapia-reki\/","title":{"rendered":"Terapia r\u0119ki"},"content":{"rendered":"\t\t<div data-elementor-type=\"wp-page\" data-elementor-id=\"13612\" class=\"elementor elementor-13612\">\n\t\t\t\t\t\t\t\t\t<section class=\"elementor-section elementor-top-section elementor-element elementor-element-409bd52d elementor-section-boxed elementor-section-height-default elementor-section-height-default\" data-id=\"409bd52d\" data-element_type=\"section\">\n\t\t\t\t\t\t<div class=\"elementor-container elementor-column-gap-default\">\n\t\t\t\t\t<div class=\"elementor-column elementor-col-100 elementor-top-column elementor-element elementor-element-41e75e28\" data-id=\"41e75e28\" data-element_type=\"column\">\n\t\t\t<div class=\"elementor-widget-wrap elementor-element-populated\">\n\t\t\t\t\t\t\t\t<div class=\"elementor-element elementor-element-4e0e23a1 elementor-widget elementor-widget-text-editor\" data-id=\"4e0e23a1\" data-element_type=\"widget\" data-widget_type=\"text-editor.default\">\n\t\t\t\t<div class=\"elementor-widget-container\">\n\t\t\t<style>\/*! elementor - v3.9.1 - 14-12-2022 *\/\n.elementor-widget-text-editor.elementor-drop-cap-view-stacked .elementor-drop-cap{background-color:#818a91;color:#fff}.elementor-widget-text-editor.elementor-drop-cap-view-framed .elementor-drop-cap{color:#818a91;border:3px solid;background-color:transparent}.elementor-widget-text-editor:not(.elementor-drop-cap-view-default) .elementor-drop-cap{margin-top:8px}.elementor-widget-text-editor:not(.elementor-drop-cap-view-default) .elementor-drop-cap-letter{width:1em;height:1em}.elementor-widget-text-editor .elementor-drop-cap{float:left;text-align:center;line-height:1;font-size:50px}.elementor-widget-text-editor .elementor-drop-cap-letter{display:inline-block}<\/style>\t\t\t\t<p style=\"text-align: center;\"><span style=\"color: #000000;\"><strong>W Zielonej Akademii<\/strong> prowadzimy terapi\u0119 r\u0119ki dla dzieci, <\/span><br \/><span style=\"color: #000000;\">kt\u00f3re wymagaj\u0105 usprawniania funkcji ko\u0144czyny g\u00f3rnej, <\/span><br \/><span style=\"color: #000000;\">polegaj\u0105ca na indywidualnie dobranych \u0107wiczeniach manualnych, sensorycznych i koordynacyjnych, <\/span><br \/><span style=\"color: #000000;\">kt\u00f3re maj\u0105 na celu popraw\u0119 precyzyjnych ruch\u00f3w d\u0142oni i palc\u00f3w, <\/span><br \/><span style=\"color: #000000;\">a tym samym zwi\u0119kszenie samodzielno\u015bci w codziennym \u017cyciu.<span class=\"pjBG2e\" data-cid=\"36dc8167-640c-4ad0-8fdb-52667f766451\"><span class=\"UV3uM\">\u00a0<\/span><\/span><\/span><\/p><p style=\"text-align: center;\"><img decoding=\"async\" loading=\"lazy\" class=\"alignnone size-medium wp-image-15790\" src=\"https:\/\/blonie.zielonaakademia.edu.pl\/wp-content\/uploads\/2026\/03\/1000007544-1-300x225.jpg\" alt=\"\" width=\"300\" height=\"225\" srcset=\"https:\/\/blonie.zielonaakademia.edu.pl\/wp-content\/uploads\/2026\/03\/1000007544-1-300x225.jpg 300w, https:\/\/blonie.zielonaakademia.edu.pl\/wp-content\/uploads\/2026\/03\/1000007544-1-768x576.jpg 768w, https:\/\/blonie.zielonaakademia.edu.pl\/wp-content\/uploads\/2026\/03\/1000007544-1-1536x1152.jpg 1536w, https:\/\/blonie.zielonaakademia.edu.pl\/wp-content\/uploads\/2026\/03\/1000007544-1-2048x1536.jpg 2048w, https:\/\/blonie.zielonaakademia.edu.pl\/wp-content\/uploads\/2026\/03\/1000007544-1-360x270.jpg 360w\" sizes=\"(max-width: 300px) 100vw, 300px\" \/><\/p><p style=\"text-align: center;\">\u00a0<\/p>\t\t\t\t\t\t<\/div>\n\t\t\t\t<\/div>\n\t\t\t\t\t<\/div>\n\t\t<\/div>\n\t\t\t\t\t\t\t<\/div>\n\t\t<\/section>\n\t\t\t\t\t\t\t<\/div>\n\t\t","protected":false},"excerpt":{"rendered":"<p>W Zielonej Akademii prowadzimy terapi\u0119 r\u0119ki dla dzieci, kt\u00f3re wymagaj\u0105 usprawniania funkcji ko\u0144czyny g\u00f3rnej, polegaj\u0105ca na indywidualnie dobranych \u0107wiczeniach manualnych, sensorycznych i koordynacyjnych, kt\u00f3re maj\u0105 na celu popraw\u0119 precyzyjnych ruch\u00f3w d\u0142oni i palc\u00f3w, a tym samym zwi\u0119kszenie samodzielno\u015bci w codziennym [&hellip;]<\/p>\n","protected":false},"author":3,"featured_media":0,"parent":0,"menu_order":0,"comment_status":"closed","ping_status":"closed","template":"","meta":[],"_links":{"self":[{"href":"https:\/\/blonie.zielonaakademia.edu.pl\/index.php\/wp-json\/wp\/v2\/pages\/13612"}],"collection":[{"href":"https:\/\/blonie.zielonaakademia.edu.pl\/index.php\/wp-json\/wp\/v2\/pages"}],"about":[{"href":"https:\/\/blonie.zielonaakademia.edu.pl\/index.php\/wp-json\/wp\/v2\/types\/page"}],"author":[{"embeddable":true,"href":"https:\/\/blonie.zielonaakademia.edu.pl\/index.php\/wp-json\/wp\/v2\/users\/3"}],"replies":[{"embeddable":true,"href":"https:\/\/blonie.zielonaakademia.edu.pl\/index.php\/wp-json\/wp\/v2\/comments?post=13612"}],"version-history":[{"count":7,"href":"https:\/\/blonie.zielonaakademia.edu.pl\/index.php\/wp-json\/wp\/v2\/pages\/13612\/revisions"}],"predecessor-version":[{"id":15793,"href":"https:\/\/blonie.zielonaakademia.edu.pl\/index.php\/wp-json\/wp\/v2\/pages\/13612\/revisions\/15793"}],"wp:attachment":[{"href":"https:\/\/blonie.zielonaakademia.edu.pl\/index.php\/wp-json\/wp\/v2\/media?parent=13612"}],"curies":[{"name":"wp","href":"https:\/\/api.w.org\/{rel}","templated":true}]}}