{"id":13617,"date":"2025-10-15T15:42:12","date_gmt":"2025-10-15T13:42:12","guid":{"rendered":"https:\/\/blonie.zielonaakademia.edu.pl\/?page_id=13617"},"modified":"2026-03-18T13:04:50","modified_gmt":"2026-03-18T12:04:50","slug":"trening-umiejetnosci-spolecznych-tus","status":"publish","type":"page","link":"https:\/\/blonie.zielonaakademia.edu.pl\/index.php\/trening-umiejetnosci-spolecznych-tus\/","title":{"rendered":"Trening Umiej\u0119tno\u015bci Spo\u0142ecznych (TUS)"},"content":{"rendered":"\t\t<div data-elementor-type=\"wp-page\" data-elementor-id=\"13617\" class=\"elementor elementor-13617\">\n\t\t\t\t\t\t\t\t\t<section class=\"elementor-section elementor-top-section elementor-element elementor-element-28cfe3a2 elementor-section-boxed elementor-section-height-default elementor-section-height-default\" data-id=\"28cfe3a2\" data-element_type=\"section\">\n\t\t\t\t\t\t<div class=\"elementor-container elementor-column-gap-default\">\n\t\t\t\t\t<div class=\"elementor-column elementor-col-100 elementor-top-column elementor-element elementor-element-6a9d3c53\" data-id=\"6a9d3c53\" data-element_type=\"column\">\n\t\t\t<div class=\"elementor-widget-wrap elementor-element-populated\">\n\t\t\t\t\t\t\t\t<div class=\"elementor-element elementor-element-1cf0dbb3 elementor-widget elementor-widget-text-editor\" data-id=\"1cf0dbb3\" data-element_type=\"widget\" data-widget_type=\"text-editor.default\">\n\t\t\t\t<div class=\"elementor-widget-container\">\n\t\t\t<style>\/*! elementor - v3.9.1 - 14-12-2022 *\/\n.elementor-widget-text-editor.elementor-drop-cap-view-stacked .elementor-drop-cap{background-color:#818a91;color:#fff}.elementor-widget-text-editor.elementor-drop-cap-view-framed .elementor-drop-cap{color:#818a91;border:3px solid;background-color:transparent}.elementor-widget-text-editor:not(.elementor-drop-cap-view-default) .elementor-drop-cap{margin-top:8px}.elementor-widget-text-editor:not(.elementor-drop-cap-view-default) .elementor-drop-cap-letter{width:1em;height:1em}.elementor-widget-text-editor .elementor-drop-cap{float:left;text-align:center;line-height:1;font-size:50px}.elementor-widget-text-editor .elementor-drop-cap-letter{display:inline-block}<\/style>\t\t\t\t<p style=\"text-align: center;\"><span style=\"color: #000000;\"><strong>Trening Umiej\u0119tno\u015bci Spo\u0142ecznych<\/strong> to zaj\u0119cia realizowane w Zielonej Akademii <\/span><br \/><span style=\"color: #000000;\">dla wszystkich dzieci, kt\u00f3re maj\u0105 trudno\u015bci w funkcjonowaniu spo\u0142ecznym.<\/span><\/p><p style=\"text-align: center;\"><span style=\"color: #000000;\"><strong>TUS<\/strong> pomaga rozwija\u0107 kompetencje interpersonalne, takie jak: <\/span><br \/><span style=\"color: #000000;\">asertywno\u015b\u0107, komunikacja, rozwi\u0105zywanie konflikt\u00f3w i radzenie sobie z napi\u0119ciem.<\/span><\/p><p style=\"text-align: center;\"><span style=\"color: #000000;\">Zaj\u0119cia kierujemy do dzieci:<\/span><\/p><ul><li style=\"text-align: center;\" data-hveid=\"CAMQAQ\" data-processed=\"true\"><span class=\"T286Pc\" style=\"color: #000000;\" data-sfc-cp=\"\" data-processed=\"true\">Zmagaj\u0105cych si\u0119 z trudno\u015bciami w nawi\u0105zywaniu i utrzymywaniu relacji <br \/>z r\u00f3wie\u015bnikami<\/span><\/li><li style=\"text-align: center;\" data-hveid=\"CAMQAg\" data-processed=\"true\"><span class=\"T286Pc\" style=\"color: #000000;\" data-sfc-cp=\"\" data-processed=\"true\">Z diagnozami: spektrum autyzmu (ASD), ADHD<\/span><\/li><li style=\"text-align: center;\" data-hveid=\"CAMQAw\" data-processed=\"true\"><span class=\"T286Pc\" style=\"color: #000000;\" data-sfc-cp=\"\" data-processed=\"true\">Nie\u015bmia\u0142ych, wycofanych lub przeciwnie- impulsywnych i agresywnych<\/span><\/li><li style=\"text-align: center;\" data-hveid=\"CAMQBA\" data-processed=\"true\"><span class=\"T286Pc\" style=\"color: #000000;\" data-sfc-cp=\"\" data-processed=\"true\">Do\u015bwiadczaj\u0105cych problem\u00f3w z regulacj\u0105 emocji, radzeniem sobie z z\u0142o\u015bci\u0105 <br \/>i stresem<\/span><\/li><li style=\"text-align: center;\" data-hveid=\"CAMQBQ\" data-processed=\"true\"><span class=\"T286Pc\" style=\"color: #000000;\" data-sfc-cp=\"\" data-processed=\"true\">Potrzebuj\u0105cych wsparcia w nauce komunikacji i wyra\u017cania siebie<\/span><\/li><\/ul><p style=\"text-align: center;\"><img decoding=\"async\" loading=\"lazy\" class=\"alignnone size-medium wp-image-15778\" src=\"https:\/\/blonie.zielonaakademia.edu.pl\/wp-content\/uploads\/2026\/03\/1000007513-300x225.jpg\" alt=\"\" width=\"300\" height=\"225\" srcset=\"https:\/\/blonie.zielonaakademia.edu.pl\/wp-content\/uploads\/2026\/03\/1000007513-300x225.jpg 300w, https:\/\/blonie.zielonaakademia.edu.pl\/wp-content\/uploads\/2026\/03\/1000007513-768x576.jpg 768w, https:\/\/blonie.zielonaakademia.edu.pl\/wp-content\/uploads\/2026\/03\/1000007513-1536x1152.jpg 1536w, https:\/\/blonie.zielonaakademia.edu.pl\/wp-content\/uploads\/2026\/03\/1000007513-2048x1536.jpg 2048w, https:\/\/blonie.zielonaakademia.edu.pl\/wp-content\/uploads\/2026\/03\/1000007513-360x270.jpg 360w\" sizes=\"(max-width: 300px) 100vw, 300px\" \/><\/p>\t\t\t\t\t\t<\/div>\n\t\t\t\t<\/div>\n\t\t\t\t\t<\/div>\n\t\t<\/div>\n\t\t\t\t\t\t\t<\/div>\n\t\t<\/section>\n\t\t\t\t\t\t\t<\/div>\n\t\t","protected":false},"excerpt":{"rendered":"<p>Trening Umiej\u0119tno\u015bci Spo\u0142ecznych to zaj\u0119cia realizowane w Zielonej Akademii dla wszystkich dzieci, kt\u00f3re maj\u0105 trudno\u015bci w funkcjonowaniu spo\u0142ecznym. TUS pomaga rozwija\u0107 kompetencje interpersonalne, takie jak: asertywno\u015b\u0107, komunikacja, rozwi\u0105zywanie konflikt\u00f3w i radzenie sobie z napi\u0119ciem. Zaj\u0119cia kierujemy do dzieci: Zmagaj\u0105cych si\u0119 [&hellip;]<\/p>\n","protected":false},"author":3,"featured_media":0,"parent":0,"menu_order":0,"comment_status":"closed","ping_status":"closed","template":"","meta":[],"_links":{"self":[{"href":"https:\/\/blonie.zielonaakademia.edu.pl\/index.php\/wp-json\/wp\/v2\/pages\/13617"}],"collection":[{"href":"https:\/\/blonie.zielonaakademia.edu.pl\/index.php\/wp-json\/wp\/v2\/pages"}],"about":[{"href":"https:\/\/blonie.zielonaakademia.edu.pl\/index.php\/wp-json\/wp\/v2\/types\/page"}],"author":[{"embeddable":true,"href":"https:\/\/blonie.zielonaakademia.edu.pl\/index.php\/wp-json\/wp\/v2\/users\/3"}],"replies":[{"embeddable":true,"href":"https:\/\/blonie.zielonaakademia.edu.pl\/index.php\/wp-json\/wp\/v2\/comments?post=13617"}],"version-history":[{"count":7,"href":"https:\/\/blonie.zielonaakademia.edu.pl\/index.php\/wp-json\/wp\/v2\/pages\/13617\/revisions"}],"predecessor-version":[{"id":15796,"href":"https:\/\/blonie.zielonaakademia.edu.pl\/index.php\/wp-json\/wp\/v2\/pages\/13617\/revisions\/15796"}],"wp:attachment":[{"href":"https:\/\/blonie.zielonaakademia.edu.pl\/index.php\/wp-json\/wp\/v2\/media?parent=13617"}],"curies":[{"name":"wp","href":"https:\/\/api.w.org\/{rel}","templated":true}]}}