{"id":15,"date":"2022-11-29T21:08:51","date_gmt":"2022-11-29T20:08:51","guid":{"rendered":"http:\/\/blonie.zielonaakademia.edu.pl\/?page_id=15"},"modified":"2026-02-13T10:34:02","modified_gmt":"2026-02-13T09:34:02","slug":"nowa-strona","status":"publish","type":"page","link":"https:\/\/blonie.zielonaakademia.edu.pl\/","title":{"rendered":"O nas"},"content":{"rendered":"\t\t<div data-elementor-type=\"wp-page\" data-elementor-id=\"15\" class=\"elementor elementor-15\">\n\t\t\t\t\t\t\t\t\t<section class=\"elementor-section elementor-top-section elementor-element elementor-element-e838848 elementor-section-boxed elementor-section-height-default elementor-section-height-default\" data-id=\"e838848\" data-element_type=\"section\">\n\t\t\t\t\t\t<div class=\"elementor-container elementor-column-gap-default\">\n\t\t\t\t\t<div class=\"elementor-column elementor-col-100 elementor-top-column elementor-element elementor-element-471c3bd4\" data-id=\"471c3bd4\" data-element_type=\"column\">\n\t\t\t<div class=\"elementor-widget-wrap elementor-element-populated\">\n\t\t\t\t\t\t\t\t<div class=\"elementor-element elementor-element-392a3592 elementor-widget elementor-widget-text-editor\" data-id=\"392a3592\" data-element_type=\"widget\" data-widget_type=\"text-editor.default\">\n\t\t\t\t<div class=\"elementor-widget-container\">\n\t\t\t<style>\/*! elementor - v3.9.1 - 14-12-2022 *\/\n.elementor-widget-text-editor.elementor-drop-cap-view-stacked .elementor-drop-cap{background-color:#818a91;color:#fff}.elementor-widget-text-editor.elementor-drop-cap-view-framed .elementor-drop-cap{color:#818a91;border:3px solid;background-color:transparent}.elementor-widget-text-editor:not(.elementor-drop-cap-view-default) .elementor-drop-cap{margin-top:8px}.elementor-widget-text-editor:not(.elementor-drop-cap-view-default) .elementor-drop-cap-letter{width:1em;height:1em}.elementor-widget-text-editor .elementor-drop-cap{float:left;text-align:center;line-height:1;font-size:50px}.elementor-widget-text-editor .elementor-drop-cap-letter{display:inline-block}<\/style>\t\t\t\t<p><!-- wp:heading {\"textAlign\":\"center\"} --><\/p>\n<h1><img decoding=\"async\" class=\"sFlh5c FyHeAf iPVvYb aligncenter\" src=\"https:\/\/szkolagac.wordpress.com\/wp-content\/uploads\/2021\/02\/unnamed.gif\" alt=\"Rekrutacja \u2013 Zesp\u00f3\u0142 Szkolno-Przedszkolny w Gaci\" \/><\/h1>\n<h2 style=\"text-align: center;\"><strong>SZCZEG\u00d3\u0141Y W ZAK\u0141ADKACH: \u017b\u0141OBEK I PRZEDSZKOLE<\/strong><\/h2>\n<h1 class=\"has-text-align-center\" style=\"text-align: center;\"><span style=\"color: #000000;\"> \u00a0Zielona Akademia<\/span><br \/><span style=\"color: #000000;\">\u00a0 \u00a0 \u00a020 lat do\u015bwiadczenia<\/span><\/h1>\n<p style=\"text-align: center;\"><span style=\"color: #000000;\"><!-- \/wp:heading --><\/span><\/p>\n<p style=\"text-align: center;\"><span style=\"color: #000000;\"><!-- wp:paragraph {\"align\":\"center\"} --><\/span><\/p>\n<h2 class=\"has-text-align-center\" style=\"text-align: center;\"><span style=\"color: #000000;\"><b>\u00a0 \u00a0 NIEPUBLICZNY \u017b\u0141OBEK <br \/>\u00a0 \u00a0 \u00a0 \u00a0NIEPUBLICZNE PRZEDSZKOLE<\/b><\/span><span style=\"color: #000000;\"><b>\u00a0<br \/><\/b><\/span><b><\/b><span style=\"color: #000000;\">PRZYJAZNE ZAR\u00d3WNO DZIECIOM, JAK I RODZICOM<\/span><\/h2>\n<p style=\"text-align: center;\"><span style=\"color: #000000;\"><!-- \/wp:paragraph --><\/span><\/p>\n<p style=\"text-align: center;\"><span style=\"color: #000000;\"><!-- wp:paragraph {\"align\":\"center\"} --><\/span><\/p>\n<p style=\"text-align: center;\"><span style=\"color: #000000;\"><!-- \/wp:paragraph --><\/span><\/p>\n<p style=\"text-align: center;\"><span style=\"color: #000000;\"><!-- wp:paragraph {\"align\":\"center\"} --><\/span><\/p>\n<h3 style=\"text-align: center;\"><span style=\"color: #000000;\"><img decoding=\"async\" loading=\"lazy\" class=\" wp-image-89 aligncenter\" src=\"http:\/\/wierzbin.zielonaakademia.edu.pl\/wp-content\/uploads\/2022\/12\/Fotolia_61733203_L-300x200.jpg\" alt=\"\" width=\"397\" height=\"264\" srcset=\"https:\/\/blonie.zielonaakademia.edu.pl\/wp-content\/uploads\/2022\/12\/Fotolia_61733203_L-300x200.jpg 300w, https:\/\/blonie.zielonaakademia.edu.pl\/wp-content\/uploads\/2022\/12\/Fotolia_61733203_L-1024x683.jpg 1024w, https:\/\/blonie.zielonaakademia.edu.pl\/wp-content\/uploads\/2022\/12\/Fotolia_61733203_L-768x512.jpg 768w, https:\/\/blonie.zielonaakademia.edu.pl\/wp-content\/uploads\/2022\/12\/Fotolia_61733203_L-1536x1024.jpg 1536w, https:\/\/blonie.zielonaakademia.edu.pl\/wp-content\/uploads\/2022\/12\/Fotolia_61733203_L-2048x1366.jpg 2048w\" sizes=\"(max-width: 397px) 100vw, 397px\" \/><\/span><\/h3>\n<h2 class=\"has-text-align-center\" style=\"text-align: center;\"><span style=\"color: #000000;\">\u00a0\u00a0 \u00a0<strong>ZIELONA AKADEMIA TO MIEJSCE:<\/strong><\/span><\/h2>\n<p style=\"text-align: center;\"><span style=\"color: #000000;\">\u00a0* z nadzorem pedagogicznym w\u0142a\u015bciciela plac\u00f3wek- dr Ewy Drozd, wieloletniego wyk\u0142adowcy Akademii Pedagogiki Specjalnej z ogromnym do\u015bwiadczeniem w pracy z dzie\u0107mi<\/span><\/p>\n<p style=\"text-align: center;\"><span style=\"color: #000000;\"><!-- \/wp:paragraph --><\/span><\/p>\n<p style=\"text-align: center;\"><span style=\"color: #000000;\"><!-- wp:paragraph --><\/span><\/p>\n<p style=\"text-align: center;\"><span style=\"color: #000000;\"><!-- \/wp:paragraph --><\/span><\/p>\n<p style=\"text-align: center;\"><span style=\"color: #000000;\"><!-- wp:list --><\/span><\/p>\n<ul style=\"text-align: center;\">\n<li>\n<ul><!-- wp:list-item --><\/ul>\n<\/li>\n<\/ul>\n<p style=\"text-align: center;\"><span style=\"color: #000000;\">* ukierunkowane na dziecko i jego potrzeby,<\/span><br \/><span style=\"color: #000000;\">zapewniaj\u0105ce bezpieczny i wszechstronny rozw\u00f3j wychowank\u00f3w<\/span><\/p>\n<p style=\"text-align: center;\"><span style=\"color: #000000;\"><!-- \/wp:list-item --><\/span><\/p>\n<p style=\"text-align: center;\"><span style=\"color: #000000;\"><!-- wp:list-item --><\/span><\/p>\n<p style=\"text-align: center;\"><span style=\"color: #000000;\"><!-- \/wp:list-item --><\/span><\/p>\n<p style=\"text-align: center;\"><span style=\"color: #000000;\"><!-- wp:list-item --><\/span><\/p>\n<p style=\"text-align: center;\"><span style=\"color: #000000;\">* promuj\u0105ce zdrowy styl \u017cycia w ka\u017cdej grupie wiekowej<\/span><\/p>\n<p style=\"text-align: center;\"><span style=\"color: #000000;\"><!-- \/wp:list-item --><\/span><\/p>\n<p style=\"text-align: center;\"><span style=\"color: #000000;\"><!-- wp:list-item --><\/span><\/p>\n<p style=\"text-align: center;\"><span style=\"color: #000000;\"><!-- \/wp:list-item --><\/span><\/p>\n<p style=\"text-align: center;\"><span style=\"color: #000000;\"><!-- wp:list-item --><\/span><\/p>\n<p style=\"text-align: center;\"><span style=\"color: #000000;\">* z nowoczesnymi, komfortowymi salami zaj\u0119\u0107<\/span><\/p>\n<p style=\"text-align: center;\"><span style=\"color: #000000;\"><!-- \/wp:list-item --><\/span><\/p>\n<p style=\"text-align: center;\"><span style=\"color: #000000;\"><!-- wp:list-item --><\/span><\/p>\n<p style=\"text-align: center;\"><span style=\"color: #000000;\">* ze smacznymi, zdrowymi, domowymi posi\u0142kami <\/span><br \/><span style=\"color: #000000;\">przygotowywanymi na miejscu<\/span><\/p>\n<p style=\"text-align: center;\"><span style=\"color: #000000;\"><!-- \/wp:list-item --><\/span><\/p>\n<p style=\"text-align: center;\"><span style=\"color: #000000;\"><!-- wp:list-item --><\/span><\/p>\n<p style=\"text-align: center;\"><span style=\"color: #000000;\">* zatrudniaj\u0105ce wykwalifikowan\u0105 kadr\u0119 pedagogiczn\u0105<\/span><\/p>\n<p style=\"text-align: center;\"><span style=\"color: #000000;\"><!-- \/wp:list-item --><\/span><\/p>\n<p style=\"text-align: center;\"><span style=\"color: #000000;\"><!-- wp:list-item --><\/span><\/p>\n<p style=\"text-align: center;\"><span style=\"color: #000000;\">* z ogromnym placem zabaw, oddalonym od ulicy <\/span><br \/><span style=\"color: #000000;\">i przestronnym parkingiem dla Rodzic\u00f3w<\/span><\/p>\n<p style=\"text-align: center;\"><span style=\"color: #000000;\"><!-- \/wp:list-item --><\/span><\/p>\n<p style=\"text-align: center;\"><span style=\"color: #000000;\"><!-- wp:list-item --><\/span><\/p>\n<p style=\"text-align: center;\"><span style=\"color: #000000;\">* umo\u017cliwiaj\u0105ce wyr\u00f3wnanie szans edukacyjnych wszystkim dzieciom<\/span><\/p>\n<p style=\"text-align: center;\"><span style=\"color: #000000;\"><!-- \/wp:list-item --><\/span><\/p>\n<p style=\"text-align: center;\"><span style=\"color: #000000;\"><!-- wp:list-item --><\/span><\/p>\n<p style=\"text-align: center;\"><span style=\"color: #000000;\">* z bogatym programem zaj\u0119\u0107 dodatkowych w czesnym<\/span><\/p>\n<p style=\"text-align: center;\"><span style=\"color: #000000;\"><!-- \/wp:list-item --><\/span><\/p>\n<p style=\"text-align: center;\"><span style=\"color: #000000;\"><!-- wp:list-item --><\/span><\/p>\n<p style=\"text-align: center;\"><span style=\"color: #000000;\">* zapewniaj\u0105ce r\u00f3\u017cnorodne, warto\u015bciowe wycieczki, upominki okoliczno\u015bciowe <\/span><br \/><span style=\"color: #000000;\">i organizacj\u0119 urodzin dziecka w plac\u00f3wce<\/span><\/p>\n<p style=\"text-align: center;\"><span style=\"color: #000000;\"><!-- \/wp:list-item --><\/span><\/p>\n<p style=\"text-align: center;\"><span style=\"color: #000000;\"><!-- wp:list-item --><\/span><\/p>\n<p style=\"text-align: center;\"><span style=\"color: #000000;\"><!-- \/wp:list-item --><\/span><\/p>\n<p style=\"text-align: center;\"><span style=\"color: #000000;\"><!-- \/wp:list --><\/span><\/p>\n<p style=\"text-align: center;\"><span style=\"color: #000000;\"><!-- wp:paragraph {\"align\":\"center\"} --><\/span><\/p>\n<h2 class=\"has-text-align-center\" style=\"text-align: center;\"><span style=\"color: #000000;\"><strong>ZIELONA AKADEMIA TO MIEJSCE NOWOCZESNE,<\/strong><\/span><br \/><span style=\"color: #000000;\"><strong>PRZYJAZNE, INNOWACYJNE,<\/strong><\/span><br \/><span style=\"color: #000000;\"><strong>MIEJSCE DOBREJ ZABAWY, RADO\u015aCI I NAUKI!<\/strong><\/span><\/h2>\n<p><!-- \/wp:paragraph --><\/p>\t\t\t\t\t\t<\/div>\n\t\t\t\t<\/div>\n\t\t\t\t\t<\/div>\n\t\t<\/div>\n\t\t\t\t\t\t\t<\/div>\n\t\t<\/section>\n\t\t\t\t\t\t\t<\/div>\n\t\t","protected":false},"excerpt":{"rendered":"<p>SZCZEG\u00d3\u0141Y W ZAK\u0141ADKACH: \u017b\u0141OBEK I PRZEDSZKOLE \u00a0Zielona Akademia\u00a0 \u00a0 \u00a020 lat do\u015bwiadczenia \u00a0 \u00a0 NIEPUBLICZNY \u017b\u0141OBEK \u00a0 \u00a0 \u00a0 \u00a0NIEPUBLICZNE PRZEDSZKOLE\u00a0PRZYJAZNE ZAR\u00d3WNO DZIECIOM, JAK I RODZICOM \u00a0\u00a0 \u00a0ZIELONA AKADEMIA TO MIEJSCE: \u00a0* z nadzorem pedagogicznym w\u0142a\u015bciciela plac\u00f3wek- dr Ewy Drozd, [&hellip;]<\/p>\n","protected":false},"author":1,"featured_media":0,"parent":0,"menu_order":0,"comment_status":"closed","ping_status":"closed","template":"","meta":[],"_links":{"self":[{"href":"https:\/\/blonie.zielonaakademia.edu.pl\/index.php\/wp-json\/wp\/v2\/pages\/15"}],"collection":[{"href":"https:\/\/blonie.zielonaakademia.edu.pl\/index.php\/wp-json\/wp\/v2\/pages"}],"about":[{"href":"https:\/\/blonie.zielonaakademia.edu.pl\/index.php\/wp-json\/wp\/v2\/types\/page"}],"author":[{"embeddable":true,"href":"https:\/\/blonie.zielonaakademia.edu.pl\/index.php\/wp-json\/wp\/v2\/users\/1"}],"replies":[{"embeddable":true,"href":"https:\/\/blonie.zielonaakademia.edu.pl\/index.php\/wp-json\/wp\/v2\/comments?post=15"}],"version-history":[{"count":79,"href":"https:\/\/blonie.zielonaakademia.edu.pl\/index.php\/wp-json\/wp\/v2\/pages\/15\/revisions"}],"predecessor-version":[{"id":15376,"href":"https:\/\/blonie.zielonaakademia.edu.pl\/index.php\/wp-json\/wp\/v2\/pages\/15\/revisions\/15376"}],"wp:attachment":[{"href":"https:\/\/blonie.zielonaakademia.edu.pl\/index.php\/wp-json\/wp\/v2\/media?parent=15"}],"curies":[{"name":"wp","href":"https:\/\/api.w.org\/{rel}","templated":true}]}}