{"id":15833,"date":"2026-04-13T10:47:56","date_gmt":"2026-04-13T08:47:56","guid":{"rendered":"https:\/\/blonie.zielonaakademia.edu.pl\/?page_id=15833"},"modified":"2026-04-13T10:52:49","modified_gmt":"2026-04-13T08:52:49","slug":"wyniki-rekrutacji","status":"publish","type":"page","link":"https:\/\/blonie.zielonaakademia.edu.pl\/index.php\/wyniki-rekrutacji\/","title":{"rendered":"Wyniki rekrutacji"},"content":{"rendered":"\t\t<div data-elementor-type=\"wp-page\" data-elementor-id=\"15833\" class=\"elementor elementor-15833\">\n\t\t\t\t\t\t\t\t\t<section class=\"elementor-section elementor-top-section elementor-element elementor-element-56c0e7f3 elementor-section-boxed elementor-section-height-default elementor-section-height-default\" data-id=\"56c0e7f3\" data-element_type=\"section\">\n\t\t\t\t\t\t<div class=\"elementor-container elementor-column-gap-default\">\n\t\t\t\t\t<div class=\"elementor-column elementor-col-100 elementor-top-column elementor-element elementor-element-60004c02\" data-id=\"60004c02\" data-element_type=\"column\">\n\t\t\t<div class=\"elementor-widget-wrap elementor-element-populated\">\n\t\t\t\t\t\t\t\t<div class=\"elementor-element elementor-element-569c53cc elementor-widget elementor-widget-text-editor\" data-id=\"569c53cc\" data-element_type=\"widget\" data-widget_type=\"text-editor.default\">\n\t\t\t\t<div class=\"elementor-widget-container\">\n\t\t\t<style>\/*! elementor - v3.9.1 - 14-12-2022 *\/\n.elementor-widget-text-editor.elementor-drop-cap-view-stacked .elementor-drop-cap{background-color:#818a91;color:#fff}.elementor-widget-text-editor.elementor-drop-cap-view-framed .elementor-drop-cap{color:#818a91;border:3px solid;background-color:transparent}.elementor-widget-text-editor:not(.elementor-drop-cap-view-default) .elementor-drop-cap{margin-top:8px}.elementor-widget-text-editor:not(.elementor-drop-cap-view-default) .elementor-drop-cap-letter{width:1em;height:1em}.elementor-widget-text-editor .elementor-drop-cap{float:left;text-align:center;line-height:1;font-size:50px}.elementor-widget-text-editor .elementor-drop-cap-letter{display:inline-block}<\/style>\t\t\t\t<h3 style=\"text-align: center;\"><span style=\"color: #000000;\"><strong>Lista Dzieci Zakwalifikowanych i Przyj\u0119tych do plac\u00f3wki<\/strong><\/span><\/h3>\n<h3 style=\"text-align: center;\"><span style=\"color: #000000;\"><strong>Zielona Akademia w B\u0142oniu, rok szkolny 2026\/2027<\/strong><\/span><\/h3>\n<table width=\"273\">\n<tbody>\n<tr>\n<td width=\"64\">\n<p><strong>LP.<\/strong><\/p>\n<\/td>\n<td width=\"209\">\n<p><strong>DANE DZIECKA<\/strong><\/p>\n<\/td>\n<\/tr>\n<tr>\n<td width=\"64\">\n<p>\u00a0<\/p>\n<p>\u00a0<\/p>\n<p>1<\/p>\n<\/td>\n<td width=\"209\">\n<p>Natalia K.<\/p>\n<\/td>\n<\/tr>\n<tr>\n<td width=\"64\">\n<p>2<\/p>\n<\/td>\n<td width=\"209\">\n<p>Olaf S.<\/p>\n<\/td>\n<\/tr>\n<tr>\n<td width=\"64\">\n<p>3<\/p>\n<\/td>\n<td width=\"209\">\n<p>Franciszek F.<\/p>\n<\/td>\n<\/tr>\n<tr>\n<td width=\"64\">\n<p>4<\/p>\n<\/td>\n<td width=\"209\">\n<p>Marcel A.<\/p>\n<\/td>\n<\/tr>\n<tr>\n<td width=\"64\">\n<p>5<\/p>\n<\/td>\n<td width=\"209\">\n<p>Kaja W.<\/p>\n<\/td>\n<\/tr>\n<tr>\n<td width=\"64\">\n<p>6<\/p>\n<\/td>\n<td width=\"209\">\n<p>Maria M.<\/p>\n<\/td>\n<\/tr>\n<tr>\n<td width=\"64\">\n<p>7<\/p>\n<\/td>\n<td width=\"209\">\n<p>Varvara U.<\/p>\n<\/td>\n<\/tr>\n<tr>\n<td width=\"64\">\n<p>8<\/p>\n<\/td>\n<td width=\"209\">\n<p>Aleksander G.<\/p>\n<\/td>\n<\/tr>\n<tr>\n<td width=\"64\">\n<p>9<\/p>\n<\/td>\n<td width=\"209\">\n<p>Jerzy J.<\/p>\n<\/td>\n<\/tr>\n<tr>\n<td width=\"64\">\n<p>10<\/p>\n<\/td>\n<td width=\"209\">\n<p>Bartosz B.<\/p>\n<\/td>\n<\/tr>\n<tr>\n<td width=\"64\">\n<p>11<\/p>\n<\/td>\n<td width=\"209\">\n<p>Tadeusz K.<\/p>\n<\/td>\n<\/tr>\n<tr>\n<td width=\"64\">\n<p>12<\/p>\n<\/td>\n<td width=\"209\">\n<p>Dominika K.<\/p>\n<\/td>\n<\/tr>\n<tr>\n<td width=\"64\">\n<p>13<\/p>\n<\/td>\n<td width=\"209\">\n<p>Jakub P.<\/p>\n<\/td>\n<\/tr>\n<tr>\n<td width=\"64\">\n<p>14<\/p>\n<\/td>\n<td width=\"209\">\n<p>Klara T.<\/p>\n<\/td>\n<\/tr>\n<tr>\n<td width=\"64\">\n<p>15<\/p>\n<\/td>\n<td width=\"209\">\n<p>Anastazja T.<\/p>\n<\/td>\n<\/tr>\n<tr>\n<td width=\"64\">\n<p>16<\/p>\n<\/td>\n<td width=\"209\">\n<p>Marcel Sz.<\/p>\n<\/td>\n<\/tr>\n<tr>\n<td width=\"64\">\n<p>17<\/p>\n<\/td>\n<td width=\"209\">\n<p>Adrianna K.<\/p>\n<\/td>\n<\/tr>\n<tr>\n<td width=\"64\">\n<p>18<\/p>\n<\/td>\n<td width=\"209\">\n<p>Anita Sz.<\/p>\n<\/td>\n<\/tr>\n<tr>\n<td width=\"64\">\n<p>19<\/p>\n<\/td>\n<td width=\"209\">\n<p>Oliwia S.<\/p>\n<\/td>\n<\/tr>\n<tr>\n<td width=\"64\">\n<p>20<\/p>\n<\/td>\n<td width=\"209\">\n<p>Diana S.<\/p>\n<\/td>\n<\/tr>\n<tr>\n<td width=\"64\">\n<p>21<\/p>\n<\/td>\n<td width=\"209\">\n<p>Sofia S.<\/p>\n<\/td>\n<\/tr>\n<tr>\n<td width=\"64\">\n<p>22<\/p>\n<\/td>\n<td width=\"209\">\n<p>Nadia S.<\/p>\n<\/td>\n<\/tr>\n<tr>\n<td width=\"64\">\n<p>23<\/p>\n<\/td>\n<td width=\"209\">\n<p>Wiktoria B.<\/p>\n<\/td>\n<\/tr>\n<tr>\n<td width=\"64\">\n<p>24<\/p>\n<\/td>\n<td width=\"209\">\n<p>Adrian Sz.<\/p>\n<\/td>\n<\/tr>\n<tr>\n<td width=\"64\">\n<p>25<\/p>\n<\/td>\n<td width=\"209\">\n<p>Artur D.<\/p>\n<\/td>\n<\/tr>\n<tr>\n<td width=\"64\">\n<p>26<\/p>\n<\/td>\n<td width=\"209\">\n<p>Kalina B.<\/p>\n<\/td>\n<\/tr>\n<tr>\n<td width=\"64\">\n<p>27<\/p>\n<\/td>\n<td width=\"209\">\n<p>Leon K.<\/p>\n<\/td>\n<\/tr>\n<tr>\n<td width=\"64\">\n<p>28<\/p>\n<\/td>\n<td width=\"209\">\n<p>Rayan W.<\/p>\n<\/td>\n<\/tr>\n<tr>\n<td width=\"64\">\n<p>29<\/p>\n<\/td>\n<td width=\"209\">\n<p>Aleksander J.<\/p>\n<\/td>\n<\/tr>\n<tr>\n<td width=\"64\">\n<p>30<\/p>\n<\/td>\n<td width=\"209\">\n<p>Oliwier S.<\/p>\n<\/td>\n<\/tr>\n<tr>\n<td width=\"64\">\n<p>31<\/p>\n<\/td>\n<td width=\"209\">\n<p>Jan D.<\/p>\n<\/td>\n<\/tr>\n<tr>\n<td width=\"64\">\n<p>32<\/p>\n<\/td>\n<td width=\"209\">\n<p>Julia S.<\/p>\n<\/td>\n<\/tr>\n<tr>\n<td width=\"64\">\n<p>33<\/p>\n<\/td>\n<td width=\"209\">\n<p>Rozalia O.<\/p>\n<\/td>\n<\/tr>\n<tr>\n<td width=\"64\">\n<p>34<\/p>\n<\/td>\n<td width=\"209\">\n<p>Antoni T.<\/p>\n<\/td>\n<\/tr>\n<tr>\n<td width=\"64\">\n<p>35<\/p>\n<\/td>\n<td width=\"209\">\n<p>Pola K.<\/p>\n<\/td>\n<\/tr>\n<tr>\n<td width=\"64\">\n<p>36<\/p>\n<\/td>\n<td width=\"209\">\n<p>Micha\u0142 M.<\/p>\n<\/td>\n<\/tr>\n<tr>\n<td width=\"64\">\n<p>37<\/p>\n<\/td>\n<td width=\"209\">\n<p>Miko\u0142aj M.<\/p>\n<\/td>\n<\/tr>\n<tr>\n<td width=\"64\">\n<p>38<\/p>\n<\/td>\n<td width=\"209\">\n<p>Livbomyr O.<\/p>\n<\/td>\n<\/tr>\n<tr>\n<td width=\"64\">\n<p>39<\/p>\n<\/td>\n<td width=\"209\">\n<p>Julia P.<\/p>\n<\/td>\n<\/tr>\n<tr>\n<td width=\"64\">\n<p>40<\/p>\n<\/td>\n<td width=\"209\">\n<p>Franciszek G.<\/p>\n<\/td>\n<\/tr>\n<tr>\n<td width=\"64\">\n<p>41<\/p>\n<\/td>\n<td width=\"209\">\n<p>Aleksander K.<\/p>\n<\/td>\n<\/tr>\n<tr>\n<td width=\"64\">\n<p>42<\/p>\n<\/td>\n<td width=\"209\">\n<p>Nikodem K.<\/p>\n<\/td>\n<\/tr>\n<\/tbody>\n<\/table>\t\t\t\t\t\t<\/div>\n\t\t\t\t<\/div>\n\t\t\t\t\t<\/div>\n\t\t<\/div>\n\t\t\t\t\t\t\t<\/div>\n\t\t<\/section>\n\t\t\t\t\t\t\t<\/div>\n\t\t","protected":false},"excerpt":{"rendered":"<p>Lista Dzieci Zakwalifikowanych i Przyj\u0119tych do plac\u00f3wki Zielona Akademia w B\u0142oniu, rok szkolny 2026\/2027 LP. DANE DZIECKA \u00a0 \u00a0 1 Natalia K. 2 Olaf S. 3 Franciszek F. 4 Marcel A. 5 Kaja W. 6 Maria M. 7 Varvara U. [&hellip;]<\/p>\n","protected":false},"author":3,"featured_media":0,"parent":0,"menu_order":0,"comment_status":"closed","ping_status":"closed","template":"","meta":[],"_links":{"self":[{"href":"https:\/\/blonie.zielonaakademia.edu.pl\/index.php\/wp-json\/wp\/v2\/pages\/15833"}],"collection":[{"href":"https:\/\/blonie.zielonaakademia.edu.pl\/index.php\/wp-json\/wp\/v2\/pages"}],"about":[{"href":"https:\/\/blonie.zielonaakademia.edu.pl\/index.php\/wp-json\/wp\/v2\/types\/page"}],"author":[{"embeddable":true,"href":"https:\/\/blonie.zielonaakademia.edu.pl\/index.php\/wp-json\/wp\/v2\/users\/3"}],"replies":[{"embeddable":true,"href":"https:\/\/blonie.zielonaakademia.edu.pl\/index.php\/wp-json\/wp\/v2\/comments?post=15833"}],"version-history":[{"count":4,"href":"https:\/\/blonie.zielonaakademia.edu.pl\/index.php\/wp-json\/wp\/v2\/pages\/15833\/revisions"}],"predecessor-version":[{"id":15838,"href":"https:\/\/blonie.zielonaakademia.edu.pl\/index.php\/wp-json\/wp\/v2\/pages\/15833\/revisions\/15838"}],"wp:attachment":[{"href":"https:\/\/blonie.zielonaakademia.edu.pl\/index.php\/wp-json\/wp\/v2\/media?parent=15833"}],"curies":[{"name":"wp","href":"https:\/\/api.w.org\/{rel}","templated":true}]}}