{"id":177,"date":"2022-12-14T14:18:57","date_gmt":"2022-12-14T13:18:57","guid":{"rendered":"http:\/\/blonie.zielonaakademia.edu.pl\/?page_id=177"},"modified":"2024-11-12T11:36:39","modified_gmt":"2024-11-12T10:36:39","slug":"grupa-pszczolki","status":"publish","type":"page","link":"https:\/\/blonie.zielonaakademia.edu.pl\/index.php\/grupa-pszczolki\/","title":{"rendered":"Grupa &#8222;Misie&#8221;"},"content":{"rendered":"\t\t<div data-elementor-type=\"wp-page\" data-elementor-id=\"177\" class=\"elementor elementor-177\">\n\t\t\t\t\t\t\t\t\t<section class=\"elementor-section elementor-top-section elementor-element elementor-element-334681c1 elementor-section-boxed elementor-section-height-default elementor-section-height-default\" data-id=\"334681c1\" data-element_type=\"section\">\n\t\t\t\t\t\t<div class=\"elementor-container elementor-column-gap-default\">\n\t\t\t\t\t<div class=\"elementor-column elementor-col-100 elementor-top-column elementor-element elementor-element-1e264bc\" data-id=\"1e264bc\" data-element_type=\"column\">\n\t\t\t<div class=\"elementor-widget-wrap elementor-element-populated\">\n\t\t\t\t\t\t\t\t<div class=\"elementor-element elementor-element-524de0d3 elementor-widget elementor-widget-text-editor\" data-id=\"524de0d3\" data-element_type=\"widget\" data-widget_type=\"text-editor.default\">\n\t\t\t\t<div class=\"elementor-widget-container\">\n\t\t\t<style>\/*! elementor - v3.9.1 - 14-12-2022 *\/\n.elementor-widget-text-editor.elementor-drop-cap-view-stacked .elementor-drop-cap{background-color:#818a91;color:#fff}.elementor-widget-text-editor.elementor-drop-cap-view-framed .elementor-drop-cap{color:#818a91;border:3px solid;background-color:transparent}.elementor-widget-text-editor:not(.elementor-drop-cap-view-default) .elementor-drop-cap{margin-top:8px}.elementor-widget-text-editor:not(.elementor-drop-cap-view-default) .elementor-drop-cap-letter{width:1em;height:1em}.elementor-widget-text-editor .elementor-drop-cap{float:left;text-align:center;line-height:1;font-size:50px}.elementor-widget-text-editor .elementor-drop-cap-letter{display:inline-block}<\/style>\t\t\t\t<p><!-- wp:heading {\"textAlign\":\"center\",\"level\":1} --><\/p>\n<h2 class=\"has-text-align-center\">2,5- 3- L A T K I \u00a0 W \u00a0 Z I E L O N E J\u00a0\u00a0 A\u00a0 K\u00a0 A\u00a0 D E M I I<\/h2>\n<p>\u00a0<\/p>\n<p style=\"text-align: center;\"><span style=\"color: #000000;\"><u><strong> <img decoding=\"async\" src=\"https:\/\/www.gify.net\/data\/media\/129\/pluszowy-mis-ruchomy-obrazek-0030.gif\" alt=\"\" \/><\/strong><\/u><\/span><\/p>\n<p style=\"text-align: center;\"><span style=\"color: #000000;\">Grupa &#8222;Misie&#8221; obejmuje dzieci w wieku 2,5-3lata.<\/span><\/p>\n<p style=\"text-align: center;\"><span style=\"color: #000000;\"><strong>Przez ca\u0142y rok&#8230;.<\/strong><\/span><\/p>\n<p style=\"text-align: center;\"><span style=\"color: #000000;\">\u0106wiczymy czynno\u015bci samoobs\u0142ugowe zwi\u0105zane z higien\u0105, <br \/>posi\u0142kami i zmian\u0105 obuwia,<\/span><\/p>\n<p style=\"text-align: center;\"><span style=\"color: #000000;\">Bawimy si\u0119 w ciep\u0142ej, rodzinnej atmosferze,<\/span><\/p>\n<p style=\"text-align: center;\"><span style=\"color: #000000;\">Wykonujemy prace plastyczne zapoznaj\u0105c si\u0119 z r\u00f3\u017cnymi technikami, rozwijamy wyobra\u017ani\u0119 i ma\u0142\u0105 motoryk\u0119,<\/span><\/p>\n<p style=\"text-align: center;\"><span style=\"color: #000000;\">Dbamy o rozw\u00f3j mowy i aparatu artykulacyjnego,<\/span><\/p>\n<p style=\"text-align: center;\"><span style=\"color: #000000;\">Na zaj\u0119ciach muzyczno-sportowych kszta\u0142tujemy r\u00f3wnowag\u0119<\/span><br \/><span style=\"color: #000000;\">oraz rozwijamy si\u0119 fizycznie,<\/span><\/p>\n<p style=\"text-align: center;\"><span style=\"color: #000000;\">Wdra\u017camy si\u0119 do u\u017cywania zwrot\u00f3w grzeczno\u015bciowych<\/span><br \/><span style=\"color: #000000;\">oraz kulturalnego spo\u017cywania posi\u0142k\u00f3w,<\/span><\/p>\n<p style=\"text-align: center;\"><span style=\"color: #000000;\">Rozwijamy si\u0119 emocjonalnie dzi\u0119ki wsp\u00f3lnemu \u015bwi\u0119towaniu urodzin<\/span><br \/><span style=\"color: #000000;\">oraz radzeniu sobie z rozwi\u0105zywaniem problem\u00f3w<\/span><br \/><span style=\"color: #000000;\">zwi\u0105zanych z funkcjonowaniem w grupie.<\/span><\/p>\n<p>\u00a0<\/p>\n<p>\u00a0<\/p>\n<p>\u00a0<\/p>\n<p><!-- \/wp:paragraph --><\/p>\n<p><!-- wp:paragraph --><\/p>\n<p><!-- \/wp:paragraph --><\/p>\n<p><!-- wp:paragraph --><\/p>\n<p><!-- \/wp:paragraph --><\/p>\n<p><!-- wp:paragraph --><\/p>\n<p><!-- \/wp:paragraph --><\/p>\n<p><!-- wp:paragraph --><\/p>\n<p><!-- \/wp:paragraph --><\/p>\n<p><!-- wp:paragraph --><\/p>\n<p><!-- \/wp:paragraph --><\/p>\n<p><!-- wp:paragraph --><\/p>\n<p><!-- \/wp:paragraph --><\/p>\n<p><!-- wp:paragraph --><\/p>\n<p><!-- \/wp:paragraph --><\/p>\n<p><!-- wp:paragraph --><\/p>\n<p><!-- \/wp:paragraph --><\/p>\n<p><!-- wp:paragraph --><\/p>\n<p><!-- \/wp:paragraph --><\/p>\n<p><!-- wp:paragraph --><\/p>\n<p><!-- \/wp:paragraph --><\/p>\n<p><!-- wp:paragraph --><\/p>\n<p><!-- \/wp:paragraph --><\/p>\n<p><!-- wp:paragraph --><\/p>\n<p><!-- \/wp:paragraph --><\/p>\n<p><!-- wp:paragraph --><\/p>\n<p><!-- \/wp:paragraph --><\/p>\n<p><!-- wp:paragraph --><\/p>\n<p><!-- \/wp:paragraph --><\/p>\n<p><!-- wp:paragraph --><\/p>\n<p><!-- \/wp:paragraph --><\/p>\n<p><!-- wp:paragraph --><\/p>\n<p><!-- \/wp:paragraph --><\/p>\n<p><!-- wp:paragraph --><\/p>\n<p><!-- \/wp:paragraph --><\/p>\t\t\t\t\t\t<\/div>\n\t\t\t\t<\/div>\n\t\t\t\t\t<\/div>\n\t\t<\/div>\n\t\t\t\t\t\t\t<\/div>\n\t\t<\/section>\n\t\t\t\t\t\t\t<\/div>\n\t\t","protected":false},"excerpt":{"rendered":"<p>2,5- 3- L A T K I \u00a0 W \u00a0 Z I E L O N E J\u00a0\u00a0 A\u00a0 K\u00a0 A\u00a0 D E M I I \u00a0 Grupa &#8222;Misie&#8221; obejmuje dzieci w wieku 2,5-3lata. Przez ca\u0142y rok&#8230;. \u0106wiczymy czynno\u015bci samoobs\u0142ugowe [&hellip;]<\/p>\n","protected":false},"author":1,"featured_media":0,"parent":0,"menu_order":0,"comment_status":"closed","ping_status":"closed","template":"","meta":[],"_links":{"self":[{"href":"https:\/\/blonie.zielonaakademia.edu.pl\/index.php\/wp-json\/wp\/v2\/pages\/177"}],"collection":[{"href":"https:\/\/blonie.zielonaakademia.edu.pl\/index.php\/wp-json\/wp\/v2\/pages"}],"about":[{"href":"https:\/\/blonie.zielonaakademia.edu.pl\/index.php\/wp-json\/wp\/v2\/types\/page"}],"author":[{"embeddable":true,"href":"https:\/\/blonie.zielonaakademia.edu.pl\/index.php\/wp-json\/wp\/v2\/users\/1"}],"replies":[{"embeddable":true,"href":"https:\/\/blonie.zielonaakademia.edu.pl\/index.php\/wp-json\/wp\/v2\/comments?post=177"}],"version-history":[{"count":21,"href":"https:\/\/blonie.zielonaakademia.edu.pl\/index.php\/wp-json\/wp\/v2\/pages\/177\/revisions"}],"predecessor-version":[{"id":8210,"href":"https:\/\/blonie.zielonaakademia.edu.pl\/index.php\/wp-json\/wp\/v2\/pages\/177\/revisions\/8210"}],"wp:attachment":[{"href":"https:\/\/blonie.zielonaakademia.edu.pl\/index.php\/wp-json\/wp\/v2\/media?parent=177"}],"curies":[{"name":"wp","href":"https:\/\/api.w.org\/{rel}","templated":true}]}}