{"id":179,"date":"2022-12-14T14:19:55","date_gmt":"2022-12-14T13:19:55","guid":{"rendered":"http:\/\/blonie.zielonaakademia.edu.pl\/?page_id=179"},"modified":"2024-11-12T11:39:30","modified_gmt":"2024-11-12T10:39:30","slug":"grupa-sloneczka","status":"publish","type":"page","link":"https:\/\/blonie.zielonaakademia.edu.pl\/index.php\/grupa-sloneczka\/","title":{"rendered":"Grupa &#8222;\u017babki&#8221;"},"content":{"rendered":"\t\t<div data-elementor-type=\"wp-page\" data-elementor-id=\"179\" class=\"elementor elementor-179\">\n\t\t\t\t\t\t\t\t\t<section class=\"elementor-section elementor-top-section elementor-element elementor-element-fda68df elementor-section-boxed elementor-section-height-default elementor-section-height-default\" data-id=\"fda68df\" data-element_type=\"section\">\n\t\t\t\t\t\t<div class=\"elementor-container elementor-column-gap-default\">\n\t\t\t\t\t<div class=\"elementor-column elementor-col-100 elementor-top-column elementor-element elementor-element-44cde73c\" data-id=\"44cde73c\" data-element_type=\"column\">\n\t\t\t<div class=\"elementor-widget-wrap elementor-element-populated\">\n\t\t\t\t\t\t\t\t<div class=\"elementor-element elementor-element-41397794 elementor-widget elementor-widget-text-editor\" data-id=\"41397794\" data-element_type=\"widget\" data-widget_type=\"text-editor.default\">\n\t\t\t\t<div class=\"elementor-widget-container\">\n\t\t\t<style>\/*! elementor - v3.9.1 - 14-12-2022 *\/\n.elementor-widget-text-editor.elementor-drop-cap-view-stacked .elementor-drop-cap{background-color:#818a91;color:#fff}.elementor-widget-text-editor.elementor-drop-cap-view-framed .elementor-drop-cap{color:#818a91;border:3px solid;background-color:transparent}.elementor-widget-text-editor:not(.elementor-drop-cap-view-default) .elementor-drop-cap{margin-top:8px}.elementor-widget-text-editor:not(.elementor-drop-cap-view-default) .elementor-drop-cap-letter{width:1em;height:1em}.elementor-widget-text-editor .elementor-drop-cap{float:left;text-align:center;line-height:1;font-size:50px}.elementor-widget-text-editor .elementor-drop-cap-letter{display:inline-block}<\/style>\t\t\t\t<p><!-- wp:heading {\"textAlign\":\"center\"} --><\/p>\n<h2 class=\"heading\" style=\"text-align: center;\"><span style=\"color: #000000;\">G R U P A\u00a0 &#8222;\u017b A B K I&#8221;<\/span><\/h2>\n<figure class=\"wp-block-image aligncenter size-full is-resized\">\n<div class=\"one_article_right_content\">\n<p><span style=\"color: #000000;\"><img decoding=\"async\" class=\"aligncenter\" src=\"https:\/\/www.gify.net\/data\/media\/198\/zaba-ruchomy-obrazek-0423.gif\" alt=\"\" \/><\/span><\/p>\n<p style=\"text-align: center;\"><span style=\"color: #000000;\"><u><strong>PRZEDSZKOLAKI\u00a0TO MY!<\/strong><\/u><\/span><\/p>\n<p style=\"text-align: center;\"><span style=\"color: #000000;\">Grupa przedszkolna realizuje program w\u00a0oparciu o\u00a0pakiecie ksi\u0105\u017cek <br \/>&#8222;Dobry pomys\u0142&#8221; wyd. WSiP<\/span><\/p>\n<p style=\"text-align: center;\"><span style=\"color: #000000;\">Dla \u00a0przedszkolak\u00f3w\u00a0zabawa jest jedn\u0105 z najwa\u017cniejszych form poznawania \u015bwiata.<\/span><\/p>\n<p style=\"text-align: center;\">\u00a0<\/p>\n<p style=\"text-align: center;\"><span style=\"color: #000000;\">Pe\u0142ne pomys\u0142\u00f3w Panie oraz niewielka grupa zapewnia dzieciom<\/span><br \/><span style=\"color: #000000;\">doskona\u0142e warunki do optymalnego rozwoju, mo\u017cliwo\u015b\u0107 nawi\u0105zania przyja\u017ani,<\/span><br \/><span style=\"color: #000000;\">\u00a0a tak\u017ce indywidualne podej\u015bcie do ka\u017cdego z nich.<\/span><\/p>\n<p style=\"text-align: center;\">\u00a0<\/p>\n<p style=\"text-align: center;\"><span style=\"color: #000000;\"><strong>My przedszkolaki&#8230;<\/strong><\/span><\/p>\n<ul style=\"text-align: center;\">\n<li><span style=\"color: #000000;\">potrzebujemy towarzystwa w zabawie<\/span><\/li>\n<li><span style=\"color: #000000;\">anga\u017cujemy si\u0119 w relacje r\u00f3wie\u015bnicze i uczymy si\u0119 wsp\u00f3\u0142pracy<\/span><\/li>\n<li><span style=\"color: #000000;\">sukcesy i pora\u017cki buduj\u0105 poczucie naszej warto\u015bci<\/span><\/li>\n<li><span style=\"color: #000000;\">uczymy si\u0119 poprzez zabaw\u0119 i na\u015bladowanie innych<\/span><\/li>\n<li><span style=\"color: #000000;\">rozwijamy wyobra\u017ani\u0119, dlatego tworzymy bardziej lub mniej wiarygodne opowie\u015bci<\/span><\/li>\n<li><span style=\"color: #000000;\">zaczynaj\u0105 si\u0119 u nas rozwija\u0107 l\u0119ki, kt\u00f3re maj\u0105 te\u017c dobre strony- ostrzegaj\u0105 nas przed niebezpiecze\u0144stwem<\/span><\/li>\n<li><span style=\"color: #000000;\">poznajemy w\u0142asne cia\u0142o- to naturalne<\/span><\/li>\n<li><span style=\"color: #000000;\">poprzez zabaw\u0119 uczymy si\u0119 samodzielno\u015bci<\/span><\/li>\n<li><span style=\"color: #000000;\">intensywnie uczymy si\u0119 regu\u0142 \u017cycia spo\u0142ecznego<\/span><\/li>\n<li><span style=\"color: #000000;\">uczymy si\u0119, \u017ce w r\u00f3\u017cnych miejscach mog\u0105 rz\u0105dzi\u0107 r\u00f3\u017cne zasady<\/span><\/li>\n<li><span style=\"color: #000000;\">potrzebujemy du\u017co ruchu, ale i odpoczynku, a tak\u017ce \u015bwie\u017cego powietrza<\/span><\/li>\n<li><span style=\"color: #000000;\">JESTE\u015aMY PRAWDZIWYMI ZUCHAMI-\u00a0 potrafimy coraz wi\u0119cej!<\/span><\/li>\n<\/ul>\n<\/div>\n<\/figure>\n<p class=\"has-text-align-center\" style=\"text-align: center;\"><br \/><br \/><br \/><br \/><\/p>\n<p><!-- \/wp:paragraph --><\/p>\t\t\t\t\t\t<\/div>\n\t\t\t\t<\/div>\n\t\t\t\t\t<\/div>\n\t\t<\/div>\n\t\t\t\t\t\t\t<\/div>\n\t\t<\/section>\n\t\t\t\t\t\t\t<\/div>\n\t\t","protected":false},"excerpt":{"rendered":"<p>G R U P A\u00a0 &#8222;\u017b A B K I&#8221; PRZEDSZKOLAKI\u00a0TO MY! Grupa przedszkolna realizuje program w\u00a0oparciu o\u00a0pakiecie ksi\u0105\u017cek &#8222;Dobry pomys\u0142&#8221; wyd. WSiP Dla \u00a0przedszkolak\u00f3w\u00a0zabawa jest jedn\u0105 z najwa\u017cniejszych form poznawania \u015bwiata. \u00a0 Pe\u0142ne pomys\u0142\u00f3w Panie oraz niewielka grupa zapewnia [&hellip;]<\/p>\n","protected":false},"author":1,"featured_media":0,"parent":0,"menu_order":0,"comment_status":"closed","ping_status":"closed","template":"","meta":[],"_links":{"self":[{"href":"https:\/\/blonie.zielonaakademia.edu.pl\/index.php\/wp-json\/wp\/v2\/pages\/179"}],"collection":[{"href":"https:\/\/blonie.zielonaakademia.edu.pl\/index.php\/wp-json\/wp\/v2\/pages"}],"about":[{"href":"https:\/\/blonie.zielonaakademia.edu.pl\/index.php\/wp-json\/wp\/v2\/types\/page"}],"author":[{"embeddable":true,"href":"https:\/\/blonie.zielonaakademia.edu.pl\/index.php\/wp-json\/wp\/v2\/users\/1"}],"replies":[{"embeddable":true,"href":"https:\/\/blonie.zielonaakademia.edu.pl\/index.php\/wp-json\/wp\/v2\/comments?post=179"}],"version-history":[{"count":15,"href":"https:\/\/blonie.zielonaakademia.edu.pl\/index.php\/wp-json\/wp\/v2\/pages\/179\/revisions"}],"predecessor-version":[{"id":8214,"href":"https:\/\/blonie.zielonaakademia.edu.pl\/index.php\/wp-json\/wp\/v2\/pages\/179\/revisions\/8214"}],"wp:attachment":[{"href":"https:\/\/blonie.zielonaakademia.edu.pl\/index.php\/wp-json\/wp\/v2\/media?parent=179"}],"curies":[{"name":"wp","href":"https:\/\/api.w.org\/{rel}","templated":true}]}}