{"id":2,"date":"2022-11-29T19:36:47","date_gmt":"2022-11-29T18:36:47","guid":{"rendered":"http:\/\/blonie.zielonaakademia.edu.pl\/?page_id=2"},"modified":"2025-10-13T10:54:11","modified_gmt":"2025-10-13T08:54:11","slug":"przykladowa-strona","status":"publish","type":"page","link":"https:\/\/blonie.zielonaakademia.edu.pl\/index.php\/przykladowa-strona\/","title":{"rendered":"Organizacja"},"content":{"rendered":"\t\t<div data-elementor-type=\"wp-page\" data-elementor-id=\"2\" class=\"elementor elementor-2\">\n\t\t\t\t\t\t\t\t\t<section class=\"elementor-section elementor-top-section elementor-element elementor-element-288c506d elementor-section-boxed elementor-section-height-default elementor-section-height-default\" data-id=\"288c506d\" data-element_type=\"section\">\n\t\t\t\t\t\t<div class=\"elementor-container elementor-column-gap-default\">\n\t\t\t\t\t<div class=\"elementor-column elementor-col-100 elementor-top-column elementor-element elementor-element-4cef8fc5\" data-id=\"4cef8fc5\" data-element_type=\"column\">\n\t\t\t<div class=\"elementor-widget-wrap elementor-element-populated\">\n\t\t\t\t\t\t\t\t<div class=\"elementor-element elementor-element-2508429 elementor-widget elementor-widget-text-editor\" data-id=\"2508429\" data-element_type=\"widget\" data-widget_type=\"text-editor.default\">\n\t\t\t\t<div class=\"elementor-widget-container\">\n\t\t\t<style>\/*! elementor - v3.9.1 - 14-12-2022 *\/\n.elementor-widget-text-editor.elementor-drop-cap-view-stacked .elementor-drop-cap{background-color:#818a91;color:#fff}.elementor-widget-text-editor.elementor-drop-cap-view-framed .elementor-drop-cap{color:#818a91;border:3px solid;background-color:transparent}.elementor-widget-text-editor:not(.elementor-drop-cap-view-default) .elementor-drop-cap{margin-top:8px}.elementor-widget-text-editor:not(.elementor-drop-cap-view-default) .elementor-drop-cap-letter{width:1em;height:1em}.elementor-widget-text-editor .elementor-drop-cap{float:left;text-align:center;line-height:1;font-size:50px}.elementor-widget-text-editor .elementor-drop-cap-letter{display:inline-block}<\/style>\t\t\t\t<p><span style=\"color: #000000;\"><!-- wp:heading {\"textAlign\":\"center\"} --><\/span><\/p>\n<h2 class=\"has-text-align-center\" style=\"text-align: center;\"><span style=\"color: #000000;\">G o d z i n y\u00a0\u00a0 o t w a r c i a <\/span><\/h2>\n<h2 class=\"has-text-align-center\" style=\"text-align: center;\"><span style=\"color: #000000;\"><img decoding=\"async\" loading=\"lazy\" class=\"\" src=\"http:\/\/3.bp.blogspot.com\/-jPufxP6wfmg\/VARU1dPIj1I\/AAAAAAAAE7o\/6Ywm0YltXqE\/s1600\/gify-budzik.gif\" alt=\"\" width=\"198\" height=\"214\" \/><\/span><\/h2>\n<p class=\"has-text-align-center\" style=\"text-align: center;\"><br \/><span style=\"color: #000000;\">\u00a0\u00a0\u00a0\u00a0\u00a0Zielona Akademia jest otwarta\u00a0 przez ca\u0142y rok kalendarzowy<\/span><br \/><span style=\"color: #000000;\">\u00a0\u00a0\u00a0\u00a0\u00a0\u00a0\u00a0\u00a0\u00a0\u00a0w godzinach 7:00-17:30 z wyj\u0105tkiem \u015bwi\u0105t<\/span><br \/><span style=\"color: #000000;\">\u00a0\u00a0\u00a0\u00a0\u00a0\u00a0 i dni ustawowo wolnych od pracy.<\/span><\/p>\n<p>\u00a0<\/p>\n<p style=\"text-align: center;\"><span style=\"color: #000000;\"><!-- \/wp:heading --><!-- wp:paragraph {\"align\":\"center\"} --><!-- \/wp:paragraph --><!-- wp:paragraph {\"align\":\"center\"} --><!-- \/wp:paragraph --><!-- wp:paragraph {\"align\":\"center\"} --><\/span><\/p>\n<p><span style=\"color: #000000;\"><!-- \/wp:heading --><!-- wp:paragraph {\"align\":\"center\"} --><!-- \/wp:paragraph --><!-- wp:paragraph {\"align\":\"center\"} --><!-- \/wp:paragraph --><!-- wp:paragraph {\"align\":\"center\"} --><\/span><\/p>\n<div style=\"text-align: center;\"><span style=\"color: #000000;\">W roku <strong>2025\/2026<\/strong> plac\u00f3wka nie pracuje w nast\u0119puj\u0105ce dni:<\/span><\/div>\n<div style=\"text-align: center;\"><span style=\"color: #000000;\"><strong>Rok 2025:<\/strong> 10.11, 29.12, 30.12, 31.12<\/span><\/div>\n<div style=\"text-align: center;\"><span style=\"color: #000000;\"><strong>Rok 2026:<\/strong> 2.01, 03.04, 07.04, 2.05, 05.06, 31.08 (dzie\u0144 wewn\u0119trzny)<\/span><\/div>\n<div style=\"text-align: center;\"><span style=\"color: #000000;\"><strong><u>Planowana przerwa wakacyjna (plac\u00f3wka nieczynna)- 20.07-01.08.26<\/u><\/strong><\/span><\/div>\n<p><span style=\"color: #000000;\"><!-- \/wp:paragraph --><\/span><\/p>\t\t\t\t\t\t<\/div>\n\t\t\t\t<\/div>\n\t\t\t\t\t<\/div>\n\t\t<\/div>\n\t\t\t\t\t\t\t<\/div>\n\t\t<\/section>\n\t\t\t\t\t\t\t<\/div>\n\t\t","protected":false},"excerpt":{"rendered":"<p>G o d z i n y\u00a0\u00a0 o t w a r c i a \u00a0\u00a0\u00a0\u00a0\u00a0Zielona Akademia jest otwarta\u00a0 przez ca\u0142y rok kalendarzowy\u00a0\u00a0\u00a0\u00a0\u00a0\u00a0\u00a0\u00a0\u00a0\u00a0w godzinach 7:00-17:30 z wyj\u0105tkiem \u015bwi\u0105t\u00a0\u00a0\u00a0\u00a0\u00a0\u00a0 i dni ustawowo wolnych od pracy. \u00a0 W roku 2025\/2026 plac\u00f3wka nie [&hellip;]<\/p>\n","protected":false},"author":1,"featured_media":0,"parent":0,"menu_order":0,"comment_status":"closed","ping_status":"closed","template":"","meta":[],"_links":{"self":[{"href":"https:\/\/blonie.zielonaakademia.edu.pl\/index.php\/wp-json\/wp\/v2\/pages\/2"}],"collection":[{"href":"https:\/\/blonie.zielonaakademia.edu.pl\/index.php\/wp-json\/wp\/v2\/pages"}],"about":[{"href":"https:\/\/blonie.zielonaakademia.edu.pl\/index.php\/wp-json\/wp\/v2\/types\/page"}],"author":[{"embeddable":true,"href":"https:\/\/blonie.zielonaakademia.edu.pl\/index.php\/wp-json\/wp\/v2\/users\/1"}],"replies":[{"embeddable":true,"href":"https:\/\/blonie.zielonaakademia.edu.pl\/index.php\/wp-json\/wp\/v2\/comments?post=2"}],"version-history":[{"count":25,"href":"https:\/\/blonie.zielonaakademia.edu.pl\/index.php\/wp-json\/wp\/v2\/pages\/2\/revisions"}],"predecessor-version":[{"id":13058,"href":"https:\/\/blonie.zielonaakademia.edu.pl\/index.php\/wp-json\/wp\/v2\/pages\/2\/revisions\/13058"}],"wp:attachment":[{"href":"https:\/\/blonie.zielonaakademia.edu.pl\/index.php\/wp-json\/wp\/v2\/media?parent=2"}],"curies":[{"name":"wp","href":"https:\/\/api.w.org\/{rel}","templated":true}]}}