{"id":209,"date":"2022-12-14T14:43:20","date_gmt":"2022-12-14T13:43:20","guid":{"rendered":"http:\/\/blonie.zielonaakademia.edu.pl\/?page_id=209"},"modified":"2026-04-01T15:19:19","modified_gmt":"2026-04-01T13:19:19","slug":"miesieczne-plany-pracy","status":"publish","type":"page","link":"https:\/\/blonie.zielonaakademia.edu.pl\/index.php\/miesieczne-plany-pracy\/","title":{"rendered":"Miesi\u0119czny plan pracy"},"content":{"rendered":"\t\t<div data-elementor-type=\"wp-page\" data-elementor-id=\"209\" class=\"elementor elementor-209\">\n\t\t\t\t\t\t\t\t\t<section class=\"elementor-section elementor-top-section elementor-element elementor-element-2850fb1a elementor-section-boxed elementor-section-height-default elementor-section-height-default\" data-id=\"2850fb1a\" data-element_type=\"section\">\n\t\t\t\t\t\t<div class=\"elementor-container elementor-column-gap-default\">\n\t\t\t\t\t<div class=\"elementor-column elementor-col-100 elementor-top-column elementor-element elementor-element-37037a6c\" data-id=\"37037a6c\" data-element_type=\"column\">\n\t\t\t<div class=\"elementor-widget-wrap elementor-element-populated\">\n\t\t\t\t\t\t\t\t<div class=\"elementor-element elementor-element-2725e3a7 elementor-widget elementor-widget-text-editor\" data-id=\"2725e3a7\" data-element_type=\"widget\" data-widget_type=\"text-editor.default\">\n\t\t\t\t<div class=\"elementor-widget-container\">\n\t\t\t<style>\/*! elementor - v3.9.1 - 14-12-2022 *\/\n.elementor-widget-text-editor.elementor-drop-cap-view-stacked .elementor-drop-cap{background-color:#818a91;color:#fff}.elementor-widget-text-editor.elementor-drop-cap-view-framed .elementor-drop-cap{color:#818a91;border:3px solid;background-color:transparent}.elementor-widget-text-editor:not(.elementor-drop-cap-view-default) .elementor-drop-cap{margin-top:8px}.elementor-widget-text-editor:not(.elementor-drop-cap-view-default) .elementor-drop-cap-letter{width:1em;height:1em}.elementor-widget-text-editor .elementor-drop-cap{float:left;text-align:center;line-height:1;font-size:50px}.elementor-widget-text-editor .elementor-drop-cap-letter{display:inline-block}<\/style>\t\t\t\t<p><!-- wp:heading --><\/p>\n<h2 style=\"text-align: center;\"><span style=\"color: #000000;\">\u00a0Miesi\u0119czny plan pracy grupy przedszkolnej <br \/><\/span><\/h2>\n<p style=\"text-align: center;\"><span style=\"color: #000000;\">Grupa przedszkolna realizuje program<\/span><br \/><span style=\"color: #000000;\">w oparciu o pakiety edukacji przedszkolnej, pakiet do j\u0119z. angielskiego<\/span><br \/><span style=\"color: #000000;\">oraz roczny plan pracy zgodny z wytycznymi Ministerstwa Edukacji Narodowej<\/span><\/p>\n<p style=\"text-align: center;\"><span style=\"color: #000000;\"><!-- \/wp:heading --><\/span><\/p>\n<p style=\"text-align: center;\"><span style=\"color: #000000;\"><!-- wp:paragraph {\"align\":\"center\"} --><\/span><\/p>\n<p style=\"text-align: center;\"><span style=\"color: #000000;\"><!-- \/wp:paragraph --><\/span><\/p>\n<p style=\"text-align: center;\"><span style=\"color: #000000;\"><!-- wp:separator --><\/span><\/p>\n<hr class=\"wp-block-separator has-alpha-channel-opacity\" \/>\n<p style=\"text-align: center;\"><span style=\"color: #000000;\"><!-- \/wp:separator --><\/span><\/p>\n<p style=\"text-align: center;\">\u00a0<\/p>\n<table>\n<tbody>\n<tr>\n<td width=\"301\">\n<p><strong>MIESI\u0104C<\/strong><\/p>\n<p>\u00a0<\/p>\n<\/td>\n<td width=\"301\">\n<p><strong>KWIECIE\u0143<\/strong><\/p>\n<\/td>\n<\/tr>\n<tr>\n<td width=\"301\">\n<p>\u00a0<\/p>\n<p><strong>GRUPA<\/strong><\/p>\n<p>\u00a0<\/p>\n<\/td>\n<td width=\"301\">\n<p><strong>PRZEDSZKOLE &#8211; \u017bABKI<\/strong><\/p>\n<\/td>\n<\/tr>\n<tr>\n<td width=\"301\">\n<p>\u00a0<\/p>\n<p><strong>PROGRAM DYDAKTYCZNY <\/strong><\/p>\n<p>\u00a0<\/p>\n<\/td>\n<td width=\"301\">\n<p>&#8211; Z kurnika do koszyka<\/p>\n<p>&#8211; Jem zdrowo<\/p>\n<p>&#8211; Odpowiedzialni za planet\u0119 <br \/>&#8211; Ksi\u0105\u017cka, moja przyjaci\u00f3\u0142ka<\/p>\n<\/td>\n<\/tr>\n<tr>\n<td width=\"301\">\n<p>\u00a0<\/p>\n<p><strong>WIERSZYKI I OPOWIADANIA<\/strong><\/p>\n<\/td>\n<td width=\"301\">\n<p>-\u201e Malujemy pisanki\u201d W. Kostecka<\/p>\n<p>-\u201eS\u0142odkie zamieszanie \u201d E. \u015anie\u017cowska- Bielak<\/p>\n<p>-\u201eEkolog domowy\u201d M. Kie\u0142bowicz<\/p>\n<p>&#8211; \u201ePrzygody sznurka\u201d U. Koz\u0142owska<\/p>\n<\/td>\n<\/tr>\n<tr>\n<td width=\"301\">\n<p>\u00a0<\/p>\n<p><strong>PIOSENKI<\/strong><\/p>\n<p>\u00a0<\/p>\n<\/td>\n<td width=\"301\">\n<p>&#8211; \u201eStary Donald farm\u0119 mia\u0142\u201d<\/p>\n<p>&#8211; \u201eJem zdrowo\u201d<\/p>\n<p>&#8211; \u201eNasza planeta\u201d<\/p>\n<p>-\u201eKsi\u0105\u017cka, moja przyjaci\u00f3\u0142ka\u201d<\/p>\n<\/td>\n<\/tr>\n<tr>\n<td width=\"301\">\n<p>\u00a0<\/p>\n<p><strong>PRACE PLASTYCZNE<\/strong><\/p>\n<p>\u00a0<\/p>\n<\/td>\n<td width=\"301\">\n<p>-\u201eKurnik\u201d<\/p>\n<p>-\u201eWarzywa i owoce na desce\u201d<\/p>\n<p>-\u201eZiemia\u201d<\/p>\n<p>-\u201eKsi\u0105\u017cka\u201d<\/p>\n<\/td>\n<\/tr>\n<\/tbody>\n<\/table>\n<p>\u00a0<\/p>\n<hr \/>\n<p>\u00a0<\/p>\n<p><!-- \/wp:heading --><\/p>\t\t\t\t\t\t<\/div>\n\t\t\t\t<\/div>\n\t\t\t\t\t<\/div>\n\t\t<\/div>\n\t\t\t\t\t\t\t<\/div>\n\t\t<\/section>\n\t\t\t\t\t\t\t<\/div>\n\t\t","protected":false},"excerpt":{"rendered":"<p>\u00a0Miesi\u0119czny plan pracy grupy przedszkolnej Grupa przedszkolna realizuje programw oparciu o pakiety edukacji przedszkolnej, pakiet do j\u0119z. angielskiegooraz roczny plan pracy zgodny z wytycznymi Ministerstwa Edukacji Narodowej \u00a0 MIESI\u0104C \u00a0 KWIECIE\u0143 \u00a0 GRUPA \u00a0 PRZEDSZKOLE &#8211; \u017bABKI \u00a0 PROGRAM DYDAKTYCZNY [&hellip;]<\/p>\n","protected":false},"author":1,"featured_media":0,"parent":0,"menu_order":0,"comment_status":"closed","ping_status":"closed","template":"","meta":[],"_links":{"self":[{"href":"https:\/\/blonie.zielonaakademia.edu.pl\/index.php\/wp-json\/wp\/v2\/pages\/209"}],"collection":[{"href":"https:\/\/blonie.zielonaakademia.edu.pl\/index.php\/wp-json\/wp\/v2\/pages"}],"about":[{"href":"https:\/\/blonie.zielonaakademia.edu.pl\/index.php\/wp-json\/wp\/v2\/types\/page"}],"author":[{"embeddable":true,"href":"https:\/\/blonie.zielonaakademia.edu.pl\/index.php\/wp-json\/wp\/v2\/users\/1"}],"replies":[{"embeddable":true,"href":"https:\/\/blonie.zielonaakademia.edu.pl\/index.php\/wp-json\/wp\/v2\/comments?post=209"}],"version-history":[{"count":127,"href":"https:\/\/blonie.zielonaakademia.edu.pl\/index.php\/wp-json\/wp\/v2\/pages\/209\/revisions"}],"predecessor-version":[{"id":15825,"href":"https:\/\/blonie.zielonaakademia.edu.pl\/index.php\/wp-json\/wp\/v2\/pages\/209\/revisions\/15825"}],"wp:attachment":[{"href":"https:\/\/blonie.zielonaakademia.edu.pl\/index.php\/wp-json\/wp\/v2\/media?parent=209"}],"curies":[{"name":"wp","href":"https:\/\/api.w.org\/{rel}","templated":true}]}}