{"id":22,"date":"2022-12-09T14:24:02","date_gmt":"2022-12-09T13:24:02","guid":{"rendered":"http:\/\/blonie.zielonaakademia.edu.pl\/?page_id=22"},"modified":"2026-02-19T11:47:52","modified_gmt":"2026-02-19T10:47:52","slug":"zapisy","status":"publish","type":"page","link":"https:\/\/blonie.zielonaakademia.edu.pl\/index.php\/zapisy\/","title":{"rendered":"Zapisy"},"content":{"rendered":"\t\t<div data-elementor-type=\"wp-page\" data-elementor-id=\"22\" class=\"elementor elementor-22\">\n\t\t\t\t\t\t\t\t\t<section class=\"elementor-section elementor-top-section elementor-element elementor-element-fff5c11 elementor-section-boxed elementor-section-height-default elementor-section-height-default\" data-id=\"fff5c11\" data-element_type=\"section\">\n\t\t\t\t\t\t<div class=\"elementor-container elementor-column-gap-default\">\n\t\t\t\t\t<div class=\"elementor-column elementor-col-100 elementor-top-column elementor-element elementor-element-4d7a1fe5\" data-id=\"4d7a1fe5\" data-element_type=\"column\">\n\t\t\t<div class=\"elementor-widget-wrap elementor-element-populated\">\n\t\t\t\t\t\t\t\t<div class=\"elementor-element elementor-element-281c8ad1 elementor-widget elementor-widget-text-editor\" data-id=\"281c8ad1\" data-element_type=\"widget\" data-widget_type=\"text-editor.default\">\n\t\t\t\t<div class=\"elementor-widget-container\">\n\t\t\t<style>\/*! elementor - v3.9.1 - 14-12-2022 *\/\n.elementor-widget-text-editor.elementor-drop-cap-view-stacked .elementor-drop-cap{background-color:#818a91;color:#fff}.elementor-widget-text-editor.elementor-drop-cap-view-framed .elementor-drop-cap{color:#818a91;border:3px solid;background-color:transparent}.elementor-widget-text-editor:not(.elementor-drop-cap-view-default) .elementor-drop-cap{margin-top:8px}.elementor-widget-text-editor:not(.elementor-drop-cap-view-default) .elementor-drop-cap-letter{width:1em;height:1em}.elementor-widget-text-editor .elementor-drop-cap{float:left;text-align:center;line-height:1;font-size:50px}.elementor-widget-text-editor .elementor-drop-cap-letter{display:inline-block}<\/style>\t\t\t\t<h2 style=\"text-align: center;\">! DO\u0141\u0104CZ DO NAS JU\u017b DZI\u015a !\u00a0<\/h2>\n<h3 style=\"text-align: center;\">rozpoczynamy rekrutacj\u0119 na nowy rok 2026\/2027<\/h3>\n<p style=\"text-align: center;\">\u00a0<\/p>\n<p style=\"text-align: center;\"><img decoding=\"async\" loading=\"lazy\" class=\"alignnone  wp-image-15396\" src=\"https:\/\/blonie.zielonaakademia.edu.pl\/wp-content\/uploads\/2026\/02\/01D5F81D-E760-4080-A57C-334E4D8E8A12-200x300.jpg\" alt=\"\" width=\"249\" height=\"374\" srcset=\"https:\/\/blonie.zielonaakademia.edu.pl\/wp-content\/uploads\/2026\/02\/01D5F81D-E760-4080-A57C-334E4D8E8A12-200x300.jpg 200w, https:\/\/blonie.zielonaakademia.edu.pl\/wp-content\/uploads\/2026\/02\/01D5F81D-E760-4080-A57C-334E4D8E8A12-768x1152.jpg 768w, https:\/\/blonie.zielonaakademia.edu.pl\/wp-content\/uploads\/2026\/02\/01D5F81D-E760-4080-A57C-334E4D8E8A12.jpg 853w\" sizes=\"(max-width: 249px) 100vw, 249px\" \/><\/p>\n<h3 style=\"text-align: center;\"><span style=\"color: #000000;\"><strong>DOKUMENTY NIEZB\u0118DNE W PROCESIE REKRUTACJI<\/strong><\/span><\/h3>\n<p style=\"text-align: center;\">DEKLARACJA kontynuacji na nowy rok 2026\/2027:<strong> <a href=\"https:\/\/blonie.zielonaakademia.edu.pl\/wp-content\/uploads\/2026\/02\/Kontynuacja-Blonie-26.27.docx\"><span style=\"text-decoration: underline;\">Kontynuacja Blonie 26.27<\/span><\/a> &lt;- pobierz<\/strong><\/p>\n<p style=\"text-align: center;\">WNIOSEK o przyj\u0119cie dziecka nowego do plac\u00f3wki:<strong> <a href=\"https:\/\/blonie.zielonaakademia.edu.pl\/wp-content\/uploads\/2026\/02\/Wniosek-o-przyjecie-dziecka-Blonie.docx\"><span style=\"text-decoration: underline;\">Wniosek o przyjecie dziecka B\u0142onie<\/span><\/a> &lt;- pobierz<\/strong><\/p>\n<h3 style=\"text-align: center;\"><span style=\"color: #000000;\"><strong><br \/>R<\/strong><strong>ekrutujemy przez ca\u0142y rok kalendarzowy na wolne miejsca :)))<\/strong><\/span><\/h3>\n<h3 style=\"text-align: center;\"><span style=\"color: #000000;\"><!-- \/wp:paragraph --><!-- wp:paragraph {\"align\":\"center\"} --><\/span><\/h3>\n<p style=\"text-align: center;\"><span style=\"color: #000000;\"><!-- \/wp:paragraph --><!-- wp:paragraph {\"align\":\"center\"} --><\/span><\/p>\n<p style=\"text-align: center;\"><span style=\"color: #000000;\"><!-- \/wp:paragraph --><!-- wp:paragraph {\"align\":\"center\"} --><\/span><\/p>\n<p style=\"text-align: center;\"><span style=\"color: #000000;\"><!-- \/wp:paragraph --><!-- wp:paragraph {\"align\":\"center\"} --><\/span><\/p>\n<h3 style=\"text-align: center;\"><span style=\"color: #000000;\"><strong>Op\u0142aty:<\/strong><\/span><\/h3>\n<p style=\"text-align: center;\"><span style=\"color: #000000;\"><!-- \/wp:paragraph --><!-- wp:paragraph {\"align\":\"center\"} --><\/span><\/p>\n<p style=\"text-align: center;\"><span style=\"color: #000000;\">op\u0142ata rekrutacyjna:\u00a0 500\u00a0 z\u0142 (bezzwrotne)<\/span><br \/><span style=\"color: #000000;\">koszt czesnego (z zaj\u0119ciami dodatkowymi ): <\/span><br \/><span style=\"color: #000000;\">przedszkole: 1300 z\u0142<\/span><br \/><span style=\"color: #000000;\">wy\u017cywienie: 20 z\u0142\/dzie\u0144- w\u0142asna kuchnia<\/span><\/p>\n<p style=\"text-align: center;\"><span style=\"color: #000000;\"><!-- \/wp:paragraph --><!-- wp:paragraph {\"align\":\"center\"} --><\/span><\/p>\n<p style=\"text-align: center;\"><span style=\"color: #000000;\"><!-- \/wp:paragraph --><!-- wp:paragraph {\"align\":\"center\"} --><\/span><\/p>\n<p style=\"text-align: center;\"><span style=\"text-decoration: underline;\"><span style=\"color: #000000; text-decoration: underline;\">! Brak dodatkowych op\u0142at !<\/span><\/span><\/p>\n<p style=\"text-align: center;\"><span style=\"color: #000000;\"><!-- \/wp:paragraph --><!-- wp:paragraph {\"align\":\"center\"} --><\/span><\/p>\n<p style=\"text-align: center;\"><span style=\"color: #000000;\"><!-- \/wp:paragraph --><!-- wp:paragraph {\"align\":\"center\"} --><\/span><\/p>\n<h3 style=\"text-align: center;\"><span style=\"color: #000000;\"><!-- \/wp:paragraph --><!-- wp:file {\"id\":2446,\"href\":\"https:\/\/blonie.zielonaakademia.edu.pl\/wp-content\/uploads\/2023\/02\/Wniosek-o-przyjecie-dziecka-Blonie-dzieci-nowe.docx\"} --><\/span><\/h3>\n<p style=\"text-align: center;\"><span style=\"color: #000000;\"><!-- \/wp:file --><!-- wp:file {\"id\":2447,\"href\":\"https:\/\/blonie.zielonaakademia.edu.pl\/wp-content\/uploads\/2023\/02\/Potwierdzenie_woli_wyboru_2023.24.docx\"} --><\/span><\/p>\n<p style=\"text-align: center;\"><span style=\"color: #000000;\"><!-- \/wp:file --><!-- wp:paragraph {\"align\":\"center\"} --><\/span><\/p>\n<p style=\"text-align: center;\"><span style=\"color: #000000;\"><!-- \/wp:paragraph --><!-- wp:paragraph {\"align\":\"center\"} --><\/span><\/p>\n<p class=\"has-text-align-center\" style=\"text-align: center;\"><span style=\"color: #000000;\"><strong>ZAPRASZAMY DO KONTAKTU<\/strong><\/span><\/p>\n<p style=\"text-align: center;\"><span style=\"color: #000000;\"><!-- \/wp:paragraph --><!-- wp:paragraph {\"align\":\"center\"} --><\/span><\/p>\n<p style=\"text-align: center;\"><span style=\"color: #000000;\">\u00a0 \u00a0 \u00a0 \u00a0 \u00a0 \u00a0 \u00a0 \u00a0 \u00a0 \u00a0 \u00a0 \u00a0 \u00a0 \u00a0 \u00a0 \u00a0 \u00a0 \u00a0 \u00a0 \u00a0 \u00a0 mailowo:\u00a0 \u00a0 \u00a0 blonie@zielonaakademia.eu<br \/><\/span><span style=\"color: #000000;\">\u00a0 \u00a0 \u00a0 \u00a0 \u00a0 \u00a0 \u00a0 \u00a0 \u00a0 \u00a0 \u00a0 \u00a0 \u00a0 \u00a0 telefonicznie: <\/span><span style=\"color: #000000;\">\u00a0 \u00a0 \u00a0sekretariat: 506 014 320<\/span><br \/><span style=\"color: #000000;\">\u00a0 \u00a0 \u00a0 \u00a0 \u00a0 \u00a0 \u00a0 \u00a0 \u00a0 \u00a0 \u00a0 \u00a0 \u00a0 \u00a0 \u00a0 \u00a0 \u00a0 \u00a0 \u00a0 \u00a0 \u00a0 \u00a0 \u00a0 \u00a0 \u00a0 \u00a0 \u00a0 \u00a0 \u00a0plac\u00f3wka: 600 800 213<\/span><\/p>\n<p style=\"text-align: center;\"><span style=\"color: #000000;\"><!-- \/wp:paragraph --><!-- wp:paragraph {\"align\":\"center\"} --><\/span><\/p>\n<p style=\"text-align: center;\">\u00a0<\/p>\n<p style=\"text-align: center;\"><span style=\"color: #000000;\"><!-- \/wp:paragraph --><!-- wp:paragraph {\"align\":\"center\"} --><\/span><\/p>\n<h2 style=\"text-align: center;\"><span style=\"color: #000000;\"><strong>SERDECZNIE ZAPRASZAMY \ud83d\ude42<\/strong><\/span><\/h2>\n<p style=\"text-align: center;\"><span style=\"color: #000000;\"><!-- \/wp:paragraph --><!-- wp:paragraph --><\/span><\/p>\n<p style=\"text-align: center;\"><span style=\"color: #000000;\"><!-- \/wp:paragraph --><!-- wp:paragraph --><\/span><\/p>\n<p style=\"text-align: center;\">\u00a0<\/p>\t\t\t\t\t\t<\/div>\n\t\t\t\t<\/div>\n\t\t\t\t\t<\/div>\n\t\t<\/div>\n\t\t\t\t\t\t\t<\/div>\n\t\t<\/section>\n\t\t\t\t\t\t\t<\/div>\n\t\t","protected":false},"excerpt":{"rendered":"<p>! DO\u0141\u0104CZ DO NAS JU\u017b DZI\u015a !\u00a0 rozpoczynamy rekrutacj\u0119 na nowy rok 2026\/2027 \u00a0 DOKUMENTY NIEZB\u0118DNE W PROCESIE REKRUTACJI DEKLARACJA kontynuacji na nowy rok 2026\/2027: Kontynuacja Blonie 26.27 &lt;- pobierz WNIOSEK o przyj\u0119cie dziecka nowego do plac\u00f3wki: Wniosek o przyjecie [&hellip;]<\/p>\n","protected":false},"author":1,"featured_media":0,"parent":0,"menu_order":0,"comment_status":"closed","ping_status":"closed","template":"","meta":[],"_links":{"self":[{"href":"https:\/\/blonie.zielonaakademia.edu.pl\/index.php\/wp-json\/wp\/v2\/pages\/22"}],"collection":[{"href":"https:\/\/blonie.zielonaakademia.edu.pl\/index.php\/wp-json\/wp\/v2\/pages"}],"about":[{"href":"https:\/\/blonie.zielonaakademia.edu.pl\/index.php\/wp-json\/wp\/v2\/types\/page"}],"author":[{"embeddable":true,"href":"https:\/\/blonie.zielonaakademia.edu.pl\/index.php\/wp-json\/wp\/v2\/users\/1"}],"replies":[{"embeddable":true,"href":"https:\/\/blonie.zielonaakademia.edu.pl\/index.php\/wp-json\/wp\/v2\/comments?post=22"}],"version-history":[{"count":32,"href":"https:\/\/blonie.zielonaakademia.edu.pl\/index.php\/wp-json\/wp\/v2\/pages\/22\/revisions"}],"predecessor-version":[{"id":15402,"href":"https:\/\/blonie.zielonaakademia.edu.pl\/index.php\/wp-json\/wp\/v2\/pages\/22\/revisions\/15402"}],"wp:attachment":[{"href":"https:\/\/blonie.zielonaakademia.edu.pl\/index.php\/wp-json\/wp\/v2\/media?parent=22"}],"curies":[{"name":"wp","href":"https:\/\/api.w.org\/{rel}","templated":true}]}}