{"id":249,"date":"2022-12-15T10:59:28","date_gmt":"2022-12-15T09:59:28","guid":{"rendered":"http:\/\/blonie.zielonaakademia.edu.pl\/?page_id=249"},"modified":"2026-02-19T11:57:20","modified_gmt":"2026-02-19T10:57:20","slug":"zasady-naboru","status":"publish","type":"page","link":"https:\/\/blonie.zielonaakademia.edu.pl\/index.php\/zasady-naboru\/","title":{"rendered":"Dokumenty rekrutacyjne"},"content":{"rendered":"\t\t<div data-elementor-type=\"wp-page\" data-elementor-id=\"249\" class=\"elementor elementor-249\">\n\t\t\t\t\t\t\t\t\t<section class=\"elementor-section elementor-top-section elementor-element elementor-element-50d61278 elementor-section-boxed elementor-section-height-default elementor-section-height-default\" data-id=\"50d61278\" data-element_type=\"section\">\n\t\t\t\t\t\t<div class=\"elementor-container elementor-column-gap-default\">\n\t\t\t\t\t<div class=\"elementor-column elementor-col-100 elementor-top-column elementor-element elementor-element-3c8c98cb\" data-id=\"3c8c98cb\" data-element_type=\"column\">\n\t\t\t<div class=\"elementor-widget-wrap elementor-element-populated\">\n\t\t\t\t\t\t\t\t<div class=\"elementor-element elementor-element-293264c6 elementor-widget elementor-widget-text-editor\" data-id=\"293264c6\" data-element_type=\"widget\" data-widget_type=\"text-editor.default\">\n\t\t\t\t<div class=\"elementor-widget-container\">\n\t\t\t<style>\/*! elementor - v3.9.1 - 14-12-2022 *\/\n.elementor-widget-text-editor.elementor-drop-cap-view-stacked .elementor-drop-cap{background-color:#818a91;color:#fff}.elementor-widget-text-editor.elementor-drop-cap-view-framed .elementor-drop-cap{color:#818a91;border:3px solid;background-color:transparent}.elementor-widget-text-editor:not(.elementor-drop-cap-view-default) .elementor-drop-cap{margin-top:8px}.elementor-widget-text-editor:not(.elementor-drop-cap-view-default) .elementor-drop-cap-letter{width:1em;height:1em}.elementor-widget-text-editor .elementor-drop-cap{float:left;text-align:center;line-height:1;font-size:50px}.elementor-widget-text-editor .elementor-drop-cap-letter{display:inline-block}<\/style>\t\t\t\t<p><span style=\"color: #000000;\"><!-- wp:heading {\"textAlign\":\"center\"} --><\/span><\/p>\n<h3><span style=\"color: #000000;\"><!-- \/wp:heading --><!-- wp:paragraph {\"align\":\"center\"} --><\/span><\/h3>\n<h2 style=\"text-align: center;\"><span style=\"color: #000000;\">! DO\u0141\u0104CZ DO NAS JU\u017b DZI\u015a !\u00a0<\/span><\/h2>\n<h3 style=\"text-align: center;\"><span style=\"color: #000000;\">rozpoczynamy rekrutacj\u0119 na nowy rok 2026\/2027<\/span><\/h3>\n<p style=\"text-align: center;\"><span style=\"color: #000000;\"><img decoding=\"async\" loading=\"lazy\" class=\"alignnone  wp-image-15403\" src=\"https:\/\/blonie.zielonaakademia.edu.pl\/wp-content\/uploads\/2026\/02\/69617039-CCE8-4D21-89A2-A282FC3D96C2-200x300.jpg\" alt=\"\" width=\"275\" height=\"413\" srcset=\"https:\/\/blonie.zielonaakademia.edu.pl\/wp-content\/uploads\/2026\/02\/69617039-CCE8-4D21-89A2-A282FC3D96C2-200x300.jpg 200w, https:\/\/blonie.zielonaakademia.edu.pl\/wp-content\/uploads\/2026\/02\/69617039-CCE8-4D21-89A2-A282FC3D96C2-768x1152.jpg 768w, https:\/\/blonie.zielonaakademia.edu.pl\/wp-content\/uploads\/2026\/02\/69617039-CCE8-4D21-89A2-A282FC3D96C2.jpg 853w\" sizes=\"(max-width: 275px) 100vw, 275px\" \/><\/span><\/p>\n<p style=\"text-align: center;\"><span style=\"color: #000000;\"><strong>R E K R U T U J E M Y\u00a0\u00a0\u00a0 D O \u00a0 G R U P :<br \/><\/strong>&#8211; RYBKI (od 12 m\u017c.-2 lat)<\/span><br \/><span style=\"color: #000000;\">&#8211; MISIE\u00a0 (od 2-3 lat)<\/span><\/p>\n<p style=\"text-align: center;\"><span style=\"color: #000000;\"><!-- \/wp:paragraph --><!-- wp:paragraph {\"align\":\"center\"} --><\/span><\/p>\n<p style=\"text-align: center;\"><span style=\"color: #000000;\"><strong>O P \u0141 A T Y:<br \/><\/strong>op\u0142ata rekrutacyjna:\u00a0 500\u00a0 z\u0142 ( bezzwrotne)<\/span><br \/><span style=\"color: #000000;\">koszt czesnego (z zaj\u0119ciami dodatkowymi): <\/span><br \/><span style=\"color: #000000;\">\u017c\u0142obek: 1700 z\u0142<\/span><br \/><span style=\"color: #000000;\">wy\u017cywienie: 18 z\u0142\/dzie\u0144<\/span><\/p>\n<p style=\"text-align: center;\"><span style=\"color: #000000;\"><!-- \/wp:paragraph --><!-- wp:paragraph {\"align\":\"center\"} --><\/span><\/p>\n<p style=\"text-align: center;\"><span style=\"color: #000000;\"><!-- \/wp:paragraph --><!-- wp:paragraph {\"align\":\"center\"} --><\/span><\/p>\n<p style=\"text-align: center;\"><span style=\"color: #000000;\"><!-- \/wp:paragraph --><!-- wp:paragraph {\"align\":\"center\"} --><\/span><\/p>\n<p style=\"text-align: center;\"><span style=\"color: #000000;\">! Brak dodatkowych op\u0142at !<\/span><\/p>\n<p style=\"text-align: center;\"><span style=\"color: #000000;\">Plac\u00f3wka uczestniczy w programie Aktywnie w \u017c\u0142obku.<\/span><\/p>\n<h3 style=\"text-align: center;\"><span style=\"color: #000000;\"><strong>DOKUMENTY NIEZB\u0118DNE W PROCESIE REKRUTACJI<\/strong><\/span><\/h3>\n<p style=\"text-align: center;\"><span style=\"color: #000000;\">DEKLARACJA kontynuacji na nowy rok 2026\/2027:<strong> <a style=\"color: #000000;\" href=\"https:\/\/blonie.zielonaakademia.edu.pl\/wp-content\/uploads\/2026\/02\/Kontynuacja-Blonie-26.27.docx\">Kontynuacja Blonie 26.27<\/a> &lt;- pobierz<\/strong><\/span><\/p>\n<p style=\"text-align: center;\"><span style=\"color: #000000;\">WNIOSEK o przyj\u0119cie dziecka nowego do plac\u00f3wki:<strong> <a style=\"color: #000000;\" href=\"https:\/\/blonie.zielonaakademia.edu.pl\/wp-content\/uploads\/2026\/02\/Wniosek-o-przyjecie-dziecka-Blonie.docx\">Wniosek o przyjecie dziecka B\u0142onie<\/a> &lt;- pobierz<\/strong><\/span><\/p>\n<h3 style=\"text-align: center;\"><span style=\"color: #000000;\"><strong><br \/>R<\/strong><strong>ekrutujemy przez ca\u0142y rok kalendarzowy na wolne miejsca :)))<\/strong><\/span><\/h3>\n<h3 style=\"text-align: center;\"><span style=\"color: #000000;\"><!-- \/wp:paragraph --><!-- wp:paragraph {\"align\":\"center\"} --><\/span><\/h3>\n<p style=\"text-align: center;\"><span style=\"color: #000000;\"><!-- \/wp:paragraph --><!-- wp:paragraph {\"align\":\"center\"} --><\/span><\/p>\n<p style=\"text-align: center;\"><span style=\"color: #000000;\"><!-- \/wp:paragraph --><!-- wp:paragraph {\"align\":\"center\"} --><\/span><\/p>\n<p style=\"text-align: center;\"><span style=\"color: #000000;\"><!-- \/wp:paragraph --><!-- wp:paragraph {\"align\":\"center\"} --><\/span><\/p>\n<p style=\"text-align: center;\">\u00a0<\/p>\n<p style=\"text-align: center;\"><span style=\"color: #000000;\"><!-- \/wp:paragraph --><!-- wp:paragraph {\"align\":\"center\"} --><\/span><\/p>\n<p style=\"text-align: center;\"><span style=\"color: #000000;\"><!-- \/wp:paragraph --><!-- wp:paragraph {\"align\":\"center\"} --><\/span><\/p>\n<h3 style=\"text-align: center;\"><span style=\"color: #000000;\"><!-- \/wp:paragraph --><!-- wp:file {\"id\":2446,\"href\":\"https:\/\/blonie.zielonaakademia.edu.pl\/wp-content\/uploads\/2023\/02\/Wniosek-o-przyjecie-dziecka-Blonie-dzieci-nowe.docx\"} --><\/span><\/h3>\n<p style=\"text-align: center;\"><span style=\"color: #000000;\"><!-- \/wp:file --><!-- wp:file {\"id\":2447,\"href\":\"https:\/\/blonie.zielonaakademia.edu.pl\/wp-content\/uploads\/2023\/02\/Potwierdzenie_woli_wyboru_2023.24.docx\"} --><\/span><\/p>\n<p style=\"text-align: center;\"><span style=\"color: #000000;\"><!-- \/wp:file --><!-- wp:paragraph {\"align\":\"center\"} --><\/span><\/p>\n<p style=\"text-align: center;\"><span style=\"color: #000000;\"><!-- \/wp:paragraph --><!-- wp:paragraph {\"align\":\"center\"} --><\/span><\/p>\n<p class=\"has-text-align-center\" style=\"text-align: center;\"><span style=\"color: #000000;\"><strong>ZAPRASZAMY DO KONTAKTU<\/strong><\/span><\/p>\n<p style=\"text-align: center;\"><span style=\"color: #000000;\"><!-- \/wp:paragraph --><!-- wp:paragraph {\"align\":\"center\"} --><\/span><\/p>\n<p style=\"text-align: center;\"><span style=\"color: #000000;\">\u00a0 \u00a0 \u00a0 \u00a0 \u00a0 \u00a0 \u00a0 \u00a0 \u00a0 \u00a0 \u00a0 \u00a0 \u00a0 \u00a0 \u00a0 \u00a0 \u00a0 \u00a0 \u00a0 \u00a0 \u00a0 mailowo:\u00a0 \u00a0 \u00a0 blonie@zielonaakademia.eu<\/span><br \/><span style=\"color: #000000;\">\u00a0 \u00a0 \u00a0 \u00a0 \u00a0 \u00a0 \u00a0 \u00a0 \u00a0 \u00a0 \u00a0 \u00a0 \u00a0 \u00a0 telefonicznie: \u00a0 \u00a0 \u00a0sekretariat: 506 014 320<\/span><br \/><span style=\"color: #000000;\">\u00a0 \u00a0 \u00a0 \u00a0 \u00a0 \u00a0 \u00a0 \u00a0 \u00a0 \u00a0 \u00a0 \u00a0 \u00a0 \u00a0 \u00a0 \u00a0 \u00a0 \u00a0 \u00a0 \u00a0 \u00a0 \u00a0 \u00a0 \u00a0 \u00a0 \u00a0 \u00a0 \u00a0 \u00a0plac\u00f3wka: 600 800 213<\/span><\/p>\n<p style=\"text-align: center;\"><span style=\"color: #000000;\"><!-- \/wp:paragraph --><!-- wp:paragraph {\"align\":\"center\"} --><\/span><\/p>\n<p style=\"text-align: center;\">\u00a0<\/p>\n<p style=\"text-align: center;\"><span style=\"color: #000000;\"><!-- \/wp:paragraph --><!-- wp:paragraph {\"align\":\"center\"} --><\/span><\/p>\n<h2 style=\"text-align: center;\"><span style=\"color: #000000;\"><strong>SERDECZNIE ZAPRASZAMY \ud83d\ude42<\/strong><\/span><\/h2>\n<p><span style=\"color: #000000;\"><!-- \/wp:paragraph --><!-- wp:paragraph --><\/span><\/p>\n<p><span style=\"color: #000000;\"><!-- \/wp:paragraph --><!-- wp:paragraph --><\/span><\/p>\n<p style=\"text-align: center;\">\u00a0<\/p>\n<p><!-- \/wp:paragraph --><\/p>\t\t\t\t\t\t<\/div>\n\t\t\t\t<\/div>\n\t\t\t\t\t<\/div>\n\t\t<\/div>\n\t\t\t\t\t\t\t<\/div>\n\t\t<\/section>\n\t\t\t\t\t\t\t<\/div>\n\t\t","protected":false},"excerpt":{"rendered":"<p>! DO\u0141\u0104CZ DO NAS JU\u017b DZI\u015a !\u00a0 rozpoczynamy rekrutacj\u0119 na nowy rok 2026\/2027 R E K R U T U J E M Y\u00a0\u00a0\u00a0 D O \u00a0 G R U P :&#8211; RYBKI (od 12 m\u017c.-2 lat)&#8211; MISIE\u00a0 (od 2-3 [&hellip;]<\/p>\n","protected":false},"author":1,"featured_media":0,"parent":0,"menu_order":0,"comment_status":"closed","ping_status":"closed","template":"","meta":[],"_links":{"self":[{"href":"https:\/\/blonie.zielonaakademia.edu.pl\/index.php\/wp-json\/wp\/v2\/pages\/249"}],"collection":[{"href":"https:\/\/blonie.zielonaakademia.edu.pl\/index.php\/wp-json\/wp\/v2\/pages"}],"about":[{"href":"https:\/\/blonie.zielonaakademia.edu.pl\/index.php\/wp-json\/wp\/v2\/types\/page"}],"author":[{"embeddable":true,"href":"https:\/\/blonie.zielonaakademia.edu.pl\/index.php\/wp-json\/wp\/v2\/users\/1"}],"replies":[{"embeddable":true,"href":"https:\/\/blonie.zielonaakademia.edu.pl\/index.php\/wp-json\/wp\/v2\/comments?post=249"}],"version-history":[{"count":110,"href":"https:\/\/blonie.zielonaakademia.edu.pl\/index.php\/wp-json\/wp\/v2\/pages\/249\/revisions"}],"predecessor-version":[{"id":15407,"href":"https:\/\/blonie.zielonaakademia.edu.pl\/index.php\/wp-json\/wp\/v2\/pages\/249\/revisions\/15407"}],"wp:attachment":[{"href":"https:\/\/blonie.zielonaakademia.edu.pl\/index.php\/wp-json\/wp\/v2\/media?parent=249"}],"curies":[{"name":"wp","href":"https:\/\/api.w.org\/{rel}","templated":true}]}}