{"id":8222,"date":"2024-11-12T12:01:49","date_gmt":"2024-11-12T11:01:49","guid":{"rendered":"https:\/\/blonie.zielonaakademia.edu.pl\/?page_id=8222"},"modified":"2026-04-01T15:18:26","modified_gmt":"2026-04-01T13:18:26","slug":"miesieczny-plan-pracy-zlobek-2","status":"publish","type":"page","link":"https:\/\/blonie.zielonaakademia.edu.pl\/index.php\/miesieczny-plan-pracy-zlobek-2\/","title":{"rendered":"Miesi\u0119czne plany pracy"},"content":{"rendered":"\t\t<div data-elementor-type=\"wp-page\" data-elementor-id=\"8222\" class=\"elementor elementor-8222\">\n\t\t\t\t\t\t\t\t\t<section class=\"elementor-section elementor-top-section elementor-element elementor-element-775c64ac elementor-section-boxed elementor-section-height-default elementor-section-height-default\" data-id=\"775c64ac\" data-element_type=\"section\">\n\t\t\t\t\t\t<div class=\"elementor-container elementor-column-gap-default\">\n\t\t\t\t\t<div class=\"elementor-column elementor-col-100 elementor-top-column elementor-element elementor-element-32de718d\" data-id=\"32de718d\" data-element_type=\"column\">\n\t\t\t<div class=\"elementor-widget-wrap elementor-element-populated\">\n\t\t\t\t\t\t\t\t<div class=\"elementor-element elementor-element-5d856914 elementor-widget elementor-widget-text-editor\" data-id=\"5d856914\" data-element_type=\"widget\" data-widget_type=\"text-editor.default\">\n\t\t\t\t<div class=\"elementor-widget-container\">\n\t\t\t<style>\/*! elementor - v3.9.1 - 14-12-2022 *\/\n.elementor-widget-text-editor.elementor-drop-cap-view-stacked .elementor-drop-cap{background-color:#818a91;color:#fff}.elementor-widget-text-editor.elementor-drop-cap-view-framed .elementor-drop-cap{color:#818a91;border:3px solid;background-color:transparent}.elementor-widget-text-editor:not(.elementor-drop-cap-view-default) .elementor-drop-cap{margin-top:8px}.elementor-widget-text-editor:not(.elementor-drop-cap-view-default) .elementor-drop-cap-letter{width:1em;height:1em}.elementor-widget-text-editor .elementor-drop-cap{float:left;text-align:center;line-height:1;font-size:50px}.elementor-widget-text-editor .elementor-drop-cap-letter{display:inline-block}<\/style>\t\t\t\t<h2 style=\"text-align: center;\"><span style=\"color: #000000;\">\u00a0\u00a0\u00a0 Miesi\u0119czne plany grup \u017c\u0142obkowych<\/span><\/h2><table><tbody><tr><td width=\"301\"><p>\u00a0<\/p><p><strong>MIESI\u0104C<\/strong><\/p><p>\u00a0<\/p><\/td><td width=\"301\"><p>\u00a0<\/p><p><strong>Kwiecie\u0144<\/strong><\/p><p><strong>\u00a0<\/strong><\/p><\/td><\/tr><tr><td width=\"301\"><p>\u00a0<\/p><p><strong>GRUPA<\/strong><\/p><p>\u00a0<\/p><\/td><td width=\"301\"><p><strong>\u017b\u0142obek- Rybki <\/strong><\/p><p><strong>Opieka dzienna- Misie<\/strong><\/p><\/td><\/tr><tr><td width=\"301\"><p>\u00a0<\/p><p><strong>PROGRAM DYDAKTYCZNY <\/strong><\/p><p>\u00a0<\/p><\/td><td width=\"301\"><p>&#8211; Wiosenna \u0142\u0105ka.<\/p><p>&#8211; Witaminki, witaminki:)<\/p><p>&#8211; Praca rolnika.<\/p><p>&#8211; Dbamy o nasz\u0105 planet\u0119.<\/p><\/td><\/tr><tr><td width=\"301\"><p>\u00a0<\/p><p><strong>WIERSZYKI I OPOWIADANIA<\/strong><\/p><\/td><td width=\"301\"><p>-\u201ejak \u017cy\u0107 z przyrod\u0105 w zgodzie \u201d Dominika Niemiec<br \/>-\u201e Pieczywo \u201dBogus\u0142aw Szut<\/p><p>&#8211;\u00a0 Wiosenne zagadki oraz ciekawostki<\/p><\/td><\/tr><tr><td width=\"301\"><p>\u00a0<\/p><p><strong>PIOSENKI<\/strong><\/p><p>\u00a0<\/p><\/td><td width=\"301\"><p>&#8211; \u201eMaszeruje wiosna\u201d autorstwa Dzieci i m\u0142odzie\u017c z ogniska muzycznego Presto<\/p><p>&#8211; \u201eWitaminki , witaminki\u201d Fasolki<\/p><\/td><\/tr><tr><td width=\"301\"><p>\u00a0<\/p><p><strong>PRACE PLASTYCZNE<\/strong><\/p><p>\u00a0<\/p><\/td><td width=\"301\"><p>-\u201eKwiatek \u00a0\u201d- praca przestrzenna<\/p><p>-\u201eSa\u0142atka owocowa \u201d \u2013 praca metod\u0105 zada\u0144 praktycznych .<\/p><p>&#8211; \u201eTraktor\u201d- malowanie farbami.<\/p><p>-\u201ePlakat ma\u0142ych ekolog\u00f3w\u201d \u2013 praca grupowa .<\/p><\/td><\/tr><\/tbody><\/table>\t\t\t\t\t\t<\/div>\n\t\t\t\t<\/div>\n\t\t\t\t\t<\/div>\n\t\t<\/div>\n\t\t\t\t\t\t\t<\/div>\n\t\t<\/section>\n\t\t\t\t\t\t\t<\/div>\n\t\t","protected":false},"excerpt":{"rendered":"<p>\u00a0\u00a0\u00a0 Miesi\u0119czne plany grup \u017c\u0142obkowych \u00a0 MIESI\u0104C \u00a0 \u00a0 Kwiecie\u0144 \u00a0 \u00a0 GRUPA \u00a0 \u017b\u0142obek- Rybki Opieka dzienna- Misie \u00a0 PROGRAM DYDAKTYCZNY \u00a0 &#8211; Wiosenna \u0142\u0105ka. &#8211; Witaminki, witaminki:) &#8211; Praca rolnika. &#8211; Dbamy o nasz\u0105 planet\u0119. \u00a0 WIERSZYKI I [&hellip;]<\/p>\n","protected":false},"author":3,"featured_media":0,"parent":0,"menu_order":0,"comment_status":"closed","ping_status":"closed","template":"","meta":[],"_links":{"self":[{"href":"https:\/\/blonie.zielonaakademia.edu.pl\/index.php\/wp-json\/wp\/v2\/pages\/8222"}],"collection":[{"href":"https:\/\/blonie.zielonaakademia.edu.pl\/index.php\/wp-json\/wp\/v2\/pages"}],"about":[{"href":"https:\/\/blonie.zielonaakademia.edu.pl\/index.php\/wp-json\/wp\/v2\/types\/page"}],"author":[{"embeddable":true,"href":"https:\/\/blonie.zielonaakademia.edu.pl\/index.php\/wp-json\/wp\/v2\/users\/3"}],"replies":[{"embeddable":true,"href":"https:\/\/blonie.zielonaakademia.edu.pl\/index.php\/wp-json\/wp\/v2\/comments?post=8222"}],"version-history":[{"count":62,"href":"https:\/\/blonie.zielonaakademia.edu.pl\/index.php\/wp-json\/wp\/v2\/pages\/8222\/revisions"}],"predecessor-version":[{"id":15822,"href":"https:\/\/blonie.zielonaakademia.edu.pl\/index.php\/wp-json\/wp\/v2\/pages\/8222\/revisions\/15822"}],"wp:attachment":[{"href":"https:\/\/blonie.zielonaakademia.edu.pl\/index.php\/wp-json\/wp\/v2\/media?parent=8222"}],"curies":[{"name":"wp","href":"https:\/\/api.w.org\/{rel}","templated":true}]}}