{"id":95,"date":"2022-12-13T16:51:34","date_gmt":"2022-12-13T15:51:34","guid":{"rendered":"http:\/\/blonie.zielonaakademia.edu.pl\/?page_id=95"},"modified":"2023-01-31T16:32:27","modified_gmt":"2023-01-31T15:32:27","slug":"kadra","status":"publish","type":"page","link":"https:\/\/blonie.zielonaakademia.edu.pl\/index.php\/kadra\/","title":{"rendered":"Kadra"},"content":{"rendered":"\t\t<div data-elementor-type=\"wp-page\" data-elementor-id=\"95\" class=\"elementor elementor-95\">\n\t\t\t\t\t\t\t\t\t<section class=\"elementor-section elementor-top-section elementor-element elementor-element-2dad089e elementor-section-boxed elementor-section-height-default elementor-section-height-default\" data-id=\"2dad089e\" data-element_type=\"section\">\n\t\t\t\t\t\t<div class=\"elementor-container elementor-column-gap-default\">\n\t\t\t\t\t<div class=\"elementor-column elementor-col-100 elementor-top-column elementor-element elementor-element-5b4bbd5a\" data-id=\"5b4bbd5a\" data-element_type=\"column\">\n\t\t\t<div class=\"elementor-widget-wrap elementor-element-populated\">\n\t\t\t\t\t\t\t\t<div class=\"elementor-element elementor-element-249c8189 elementor-widget elementor-widget-text-editor\" data-id=\"249c8189\" data-element_type=\"widget\" data-widget_type=\"text-editor.default\">\n\t\t\t\t<div class=\"elementor-widget-container\">\n\t\t\t<style>\/*! elementor - v3.9.1 - 14-12-2022 *\/\n.elementor-widget-text-editor.elementor-drop-cap-view-stacked .elementor-drop-cap{background-color:#818a91;color:#fff}.elementor-widget-text-editor.elementor-drop-cap-view-framed .elementor-drop-cap{color:#818a91;border:3px solid;background-color:transparent}.elementor-widget-text-editor:not(.elementor-drop-cap-view-default) .elementor-drop-cap{margin-top:8px}.elementor-widget-text-editor:not(.elementor-drop-cap-view-default) .elementor-drop-cap-letter{width:1em;height:1em}.elementor-widget-text-editor .elementor-drop-cap{float:left;text-align:center;line-height:1;font-size:50px}.elementor-widget-text-editor .elementor-drop-cap-letter{display:inline-block}<\/style>\t\t\t\t<h2 class=\"has-text-align-center\" style=\"text-align: center;\"><span style=\"color: #000000;\">Z E S P \u00d3 \u0141\u00a0\u00a0 L U D Z I\u00a0\u00a0 Z\u00a0\u00a0 P A S J \u0104<\/span><\/h2>\n<p style=\"text-align: center;\"><span style=\"color: #000000;\"><img decoding=\"async\" class=\"n3VNCb KAlRDb\" src=\"https:\/\/www.gify.net\/data\/media\/385\/nauczyciel-i-nauczycielka-ruchomy-obrazek-0031.gif\" alt=\"\u25b7 Nauczyciele: obrazki ruchome, animowane gify i animacje - 100% DARMO!\" data-noaft=\"1\" \/><\/span><\/p>\n<p style=\"text-align: center;\"><span style=\"color: #000000;\"><!-- \/wp:heading --><\/span><\/p>\n<p style=\"text-align: center;\"><span style=\"color: #000000;\"><!-- wp:paragraph {\"align\":\"center\"} --><\/span><\/p>\n<p class=\"has-text-align-center\" style=\"text-align: center;\"><span style=\"color: #000000;\">Zielon\u0105 Akademi\u0119 tworzy m\u0142ody, wykszta\u0142cony<\/span><br \/><span style=\"color: #000000;\">i zaanga\u017cowany zesp\u00f3\u0142 sk\u0142adaj\u0105cy si\u0119 z nauczycieli przedszkolnych,<\/span><br \/><span style=\"color: #000000;\">nauczycieli wspomagaj\u0105cych, pomocy nauczyciela oraz opiekunek dzieci\u0119cych.<\/span><br \/><span style=\"color: #000000;\">\u00a0<\/span><\/p>\n<p style=\"text-align: center;\"><span style=\"color: #000000;\"><!-- \/wp:paragraph --><\/span><\/p>\n<p style=\"text-align: center;\"><span style=\"color: #000000;\"><!-- wp:paragraph {\"align\":\"center\"} --><\/span><\/p>\n<p class=\"has-text-align-center\" style=\"text-align: center;\"><span style=\"color: #000000;\">Nasi pracownicy posiadaj\u0105 odpowiednie kwalifikacje, umiej\u0119tno\u015bci i do\u015bwiadczenie.<\/span><br \/><span style=\"color: #000000;\">Okazuj\u0105 dzieciom du\u017co cierpliwo\u015bci, ciep\u0142a, zrozumienia.<\/span><br \/><span style=\"color: #000000;\">Motywuj\u0105 do dzia\u0142ania i wspieraj\u0105 w trudno\u015bciach tworz\u0105 przyjazn\u0105, rodzinn\u0105 atmosfer\u0119 w plac\u00f3wce, a co najwa\u017cniejsze&#8230;<\/span><br \/><span style=\"color: #000000;\">\u00a0\u00a0\u00a0\u00a0\u00a0\u00a0\u00a0\u00a0\u00a0\u00a0\u00a0\u00a0 s\u0105 uwielbiane przez nasze dzieci!<\/span><br \/><br \/><span style=\"color: #000000;\">\u00a0W pracy wykorzystuj\u0105 znane metody i koncepcje,<\/span><br \/><span style=\"color: #000000;\">a tak\u017ce nowatorskie programy edukacyjne<\/span><br \/><span style=\"color: #000000;\">gwarantuj\u0105ce Pa\u0144stwa dzieciom nauczanie <\/span><br \/><span style=\"color: #000000;\">i wychowanie na najwy\u017cszym poziomie.<\/span><br \/><br \/><br \/><br \/><br \/><br \/><br \/><\/p>\t\t\t\t\t\t<\/div>\n\t\t\t\t<\/div>\n\t\t\t\t\t<\/div>\n\t\t<\/div>\n\t\t\t\t\t\t\t<\/div>\n\t\t<\/section>\n\t\t\t\t\t\t\t<\/div>\n\t\t","protected":false},"excerpt":{"rendered":"<p>Z E S P \u00d3 \u0141\u00a0\u00a0 L U D Z I\u00a0\u00a0 Z\u00a0\u00a0 P A S J \u0104 Zielon\u0105 Akademi\u0119 tworzy m\u0142ody, wykszta\u0142conyi zaanga\u017cowany zesp\u00f3\u0142 sk\u0142adaj\u0105cy si\u0119 z nauczycieli przedszkolnych,nauczycieli wspomagaj\u0105cych, pomocy nauczyciela oraz opiekunek dzieci\u0119cych.\u00a0 Nasi pracownicy posiadaj\u0105 odpowiednie kwalifikacje, [&hellip;]<\/p>\n","protected":false},"author":1,"featured_media":0,"parent":0,"menu_order":0,"comment_status":"closed","ping_status":"closed","template":"","meta":[],"_links":{"self":[{"href":"https:\/\/blonie.zielonaakademia.edu.pl\/index.php\/wp-json\/wp\/v2\/pages\/95"}],"collection":[{"href":"https:\/\/blonie.zielonaakademia.edu.pl\/index.php\/wp-json\/wp\/v2\/pages"}],"about":[{"href":"https:\/\/blonie.zielonaakademia.edu.pl\/index.php\/wp-json\/wp\/v2\/types\/page"}],"author":[{"embeddable":true,"href":"https:\/\/blonie.zielonaakademia.edu.pl\/index.php\/wp-json\/wp\/v2\/users\/1"}],"replies":[{"embeddable":true,"href":"https:\/\/blonie.zielonaakademia.edu.pl\/index.php\/wp-json\/wp\/v2\/comments?post=95"}],"version-history":[{"count":11,"href":"https:\/\/blonie.zielonaakademia.edu.pl\/index.php\/wp-json\/wp\/v2\/pages\/95\/revisions"}],"predecessor-version":[{"id":2096,"href":"https:\/\/blonie.zielonaakademia.edu.pl\/index.php\/wp-json\/wp\/v2\/pages\/95\/revisions\/2096"}],"wp:attachment":[{"href":"https:\/\/blonie.zielonaakademia.edu.pl\/index.php\/wp-json\/wp\/v2\/media?parent=95"}],"curies":[{"name":"wp","href":"https:\/\/api.w.org\/{rel}","templated":true}]}}