{"id":996,"date":"2023-01-09T11:30:39","date_gmt":"2023-01-09T10:30:39","guid":{"rendered":"http:\/\/blonie.zielonaakademia.edu.pl\/?page_id=996"},"modified":"2023-01-31T20:21:07","modified_gmt":"2023-01-31T19:21:07","slug":"zlobek-rybki","status":"publish","type":"page","link":"https:\/\/blonie.zielonaakademia.edu.pl\/index.php\/zlobek-rybki\/","title":{"rendered":"Grupa &#8222;Rybki&#8221;"},"content":{"rendered":"\t\t<div data-elementor-type=\"wp-page\" data-elementor-id=\"996\" class=\"elementor elementor-996\">\n\t\t\t\t\t\t\t\t\t<section class=\"elementor-section elementor-top-section elementor-element elementor-element-186f21da elementor-section-boxed elementor-section-height-default elementor-section-height-default\" data-id=\"186f21da\" data-element_type=\"section\">\n\t\t\t\t\t\t<div class=\"elementor-container elementor-column-gap-default\">\n\t\t\t\t\t<div class=\"elementor-column elementor-col-100 elementor-top-column elementor-element elementor-element-37f93fb2\" data-id=\"37f93fb2\" data-element_type=\"column\">\n\t\t\t<div class=\"elementor-widget-wrap elementor-element-populated\">\n\t\t\t\t\t\t\t\t<div class=\"elementor-element elementor-element-4bf660da elementor-widget elementor-widget-text-editor\" data-id=\"4bf660da\" data-element_type=\"widget\" data-widget_type=\"text-editor.default\">\n\t\t\t\t<div class=\"elementor-widget-container\">\n\t\t\t<style>\/*! elementor - v3.9.1 - 14-12-2022 *\/\n.elementor-widget-text-editor.elementor-drop-cap-view-stacked .elementor-drop-cap{background-color:#818a91;color:#fff}.elementor-widget-text-editor.elementor-drop-cap-view-framed .elementor-drop-cap{color:#818a91;border:3px solid;background-color:transparent}.elementor-widget-text-editor:not(.elementor-drop-cap-view-default) .elementor-drop-cap{margin-top:8px}.elementor-widget-text-editor:not(.elementor-drop-cap-view-default) .elementor-drop-cap-letter{width:1em;height:1em}.elementor-widget-text-editor .elementor-drop-cap{float:left;text-align:center;line-height:1;font-size:50px}.elementor-widget-text-editor .elementor-drop-cap-letter{display:inline-block}<\/style>\t\t\t\t<p><span style=\"color: #000000;\"><!-- wp:heading {\"textAlign\":\"center\"} --><\/span><\/p>\n<h2 class=\"has-text-align-center\" style=\"text-align: center;\"><span style=\"color: #000000;\">G R U P A\u00a0 &#8222;R Y B K I&#8221;<\/span><\/h2>\n<p><span style=\"color: #000000;\"><!-- \/wp:heading --><!-- wp:paragraph {\"align\":\"center\"} --><\/span><\/p>\n<p class=\"has-text-align-center\" style=\"text-align: center;\"><span style=\"color: #000000;\"><strong>NAJM\u0141ODSI W ZIELONEJ AKADEMII<\/strong><\/span><\/p>\n<p><span style=\"color: #000000;\"><!-- \/wp:paragraph --><!-- wp:paragraph {\"align\":\"center\"} --><\/span><\/p>\n<p class=\"has-text-align-center\" style=\"text-align: center;\"><span style=\"color: #000000;\">Grupa \u017c\u0142obkowa &#8222;Rybki&#8221; obejmuje dzieci<\/span><br \/><span style=\"color: #000000;\">w wieku<strong> od 1 do 2 roku \u017cycia<\/strong>.\u00a0<\/span><\/p>\n<p><span style=\"color: #000000;\"><!-- \/wp:paragraph --><!-- wp:image {\"align\":\"center\"} --><\/span><\/p>\n<figure class=\"wp-block-image aligncenter\"><span style=\"color: #000000;\"><img decoding=\"async\" loading=\"lazy\" class=\"aligncenter\" src=\"https:\/\/i.pinimg.com\/originals\/e8\/d2\/5c\/e8d25c7bebaf69e16fbc3fed9b6569a4.gif\" alt=\"\" width=\"292\" height=\"138\" \/><\/span><\/figure>\n<p><span style=\"color: #000000;\"><!-- \/wp:image --><!-- wp:paragraph {\"align\":\"center\"} --><\/span><\/p>\n<p class=\"has-text-align-center\" style=\"text-align: center;\"><span style=\"color: #000000;\">Ka\u017cde dziecko jest otoczone troskliw\u0105 opiek\u0105<\/span><br \/><span style=\"color: #000000;\">i starann\u0105 piel\u0119gnacj\u0105. Niewielkie grupy oraz liczna kadra umo\u017cliwiaj\u0105<\/span><br \/><span style=\"color: #000000;\">indywidualne\u00a0podej\u015bcie do ka\u017cdego z maluszk\u00f3w, zaspokajaj\u0105 ich potrzeby oraz\u00a0zapewniaj\u0105 wszechstronny i harmonijny rozw\u00f3j.\u00a0<\/span><\/p>\n<p><span style=\"color: #000000;\"><!-- \/wp:paragraph --><!-- wp:paragraph {\"align\":\"center\"} --><\/span><\/p>\n<p class=\"has-text-align-center\" style=\"text-align: center;\"><span style=\"color: #000000;\">Grupa realizuje program w oparciu o &#8222;Zabawy fundamentalne&#8221;,<\/span><br \/><span style=\"color: #000000;\">kt\u00f3re uzyska\u0142y nagrod\u0119 g\u0142\u00f3wn\u0105 w konkursie<\/span><br \/><span style=\"color: #000000;\">&#8222;\u015awiat przyjazny dziecku&#8221; w kategorii: <br \/>Kultura- ksi\u0105\u017cka dla dzieci w wieku 0-5 lat.<\/span><br \/><br \/><span style=\"color: #000000;\"><strong><u>G\u0142\u00f3wne za\u0142o\u017cenia rocznego programu:<\/u><\/strong><\/span><br \/><span style=\"color: #000000;\">&#8211; wspomaganie dziecka w pierwszych krokach<\/span><br \/><span style=\"color: #000000;\">&#8211; trening czysto\u015bci<\/span><br \/><span style=\"color: #000000;\">&#8211; wdra\u017canie element\u00f3w higieny osobistej<\/span><br \/><span style=\"color: #000000;\">&#8211; kszta\u0142towanie umiej\u0119tno\u015bci samoobs\u0142ugowych<\/span><br \/><span style=\"color: #000000;\">&#8211; wdra\u017canie do utrzymania porz\u0105dku<\/span><br \/><span style=\"color: #000000;\">&#8211; wspomaganie w samodzielnym spo\u017cywaniu posi\u0142k\u00f3w<\/span><br \/><span style=\"color: #000000;\">&#8211; usprawnianie motoryki<\/span><br \/><span style=\"color: #000000;\">&#8211; wprowadzanie prostych zabaw ruchowych przy muzyce<\/span><br \/><span style=\"color: #000000;\">&#8211; kszta\u0142towanie nawyk\u00f3w porz\u0105dkowych<\/span><br \/><span style=\"color: #000000;\">&#8211; wyrabianie nawyk\u00f3w grzeczno\u015bciowych<\/span><br \/><span style=\"color: #000000;\">&#8211; rozwijanie sprawno\u015bci manualnych<\/span><br \/><span style=\"color: #000000;\">&#8211; usprawnianie rozwoju intelektualnego<\/span><br \/><span style=\"color: #000000;\">&#8211; wspomaganie rozwoju mowy u dzieci<\/span><br \/><span style=\"color: #000000;\">&#8211; troska o dobre samopoczucie dziecka<\/span><\/p>\n<p><span style=\"color: #000000;\"><!-- \/wp:paragraph --><!-- wp:paragraph --><\/span><\/p>\n<p style=\"text-align: center;\"><br \/><br \/><br \/><br \/><br \/><\/p>\n<p><span style=\"color: #000000;\"><!-- \/wp:paragraph --><\/span><\/p>\t\t\t\t\t\t<\/div>\n\t\t\t\t<\/div>\n\t\t\t\t\t<\/div>\n\t\t<\/div>\n\t\t\t\t\t\t\t<\/div>\n\t\t<\/section>\n\t\t\t\t\t\t\t<\/div>\n\t\t","protected":false},"excerpt":{"rendered":"<p>G R U P A\u00a0 &#8222;R Y B K I&#8221; NAJM\u0141ODSI W ZIELONEJ AKADEMII Grupa \u017c\u0142obkowa &#8222;Rybki&#8221; obejmuje dzieciw wieku od 1 do 2 roku \u017cycia.\u00a0 Ka\u017cde dziecko jest otoczone troskliw\u0105 opiek\u0105i starann\u0105 piel\u0119gnacj\u0105. Niewielkie grupy oraz liczna kadra umo\u017cliwiaj\u0105indywidualne\u00a0podej\u015bcie [&hellip;]<\/p>\n","protected":false},"author":1,"featured_media":0,"parent":0,"menu_order":0,"comment_status":"closed","ping_status":"closed","template":"","meta":[],"_links":{"self":[{"href":"https:\/\/blonie.zielonaakademia.edu.pl\/index.php\/wp-json\/wp\/v2\/pages\/996"}],"collection":[{"href":"https:\/\/blonie.zielonaakademia.edu.pl\/index.php\/wp-json\/wp\/v2\/pages"}],"about":[{"href":"https:\/\/blonie.zielonaakademia.edu.pl\/index.php\/wp-json\/wp\/v2\/types\/page"}],"author":[{"embeddable":true,"href":"https:\/\/blonie.zielonaakademia.edu.pl\/index.php\/wp-json\/wp\/v2\/users\/1"}],"replies":[{"embeddable":true,"href":"https:\/\/blonie.zielonaakademia.edu.pl\/index.php\/wp-json\/wp\/v2\/comments?post=996"}],"version-history":[{"count":5,"href":"https:\/\/blonie.zielonaakademia.edu.pl\/index.php\/wp-json\/wp\/v2\/pages\/996\/revisions"}],"predecessor-version":[{"id":2127,"href":"https:\/\/blonie.zielonaakademia.edu.pl\/index.php\/wp-json\/wp\/v2\/pages\/996\/revisions\/2127"}],"wp:attachment":[{"href":"https:\/\/blonie.zielonaakademia.edu.pl\/index.php\/wp-json\/wp\/v2\/media?parent=996"}],"curies":[{"name":"wp","href":"https:\/\/api.w.org\/{rel}","templated":true}]}}